{"id":42624,"date":"2017-09-11T11:49:23","date_gmt":"2017-09-11T09:49:23","guid":{"rendered":"https:\/\/www.weinberger-holz.at\/best-of-holz-produkte-und-highlights\/"},"modified":"2026-04-28T14:00:11","modified_gmt":"2026-04-28T12:00:11","slug":"best-of-holz-produkte-und-highlights","status":"publish","type":"page","link":"https:\/\/www.weinberger-holz.at\/es\/best-of-holz-produkte-und-highlights\/","title":{"rendered":"La mejor madera \u2013 Productos y aspectos destacados"},"content":{"rendered":"<div class=\"wpb-content-wrapper\"><p>[vc_row type=\u00bbfull-width-content\u00bb css=\u00bb.vc_custom_1504010577304{margin-bottom: 0px !important;}\u00bb][vc_column][vc_empty_space height=\u00bb5&#8243;][layerslider_vc id=\u00bb2&#8243;][\/vc_column][\/vc_row][vc_row type=\u00bbfull-width-section\u00bb css=\u00bb.vc_custom_1504010545873{margin-top: 0px !important;padding-top: 15px !important;padding-bottom: 15px !important;background-color: #803026 !important;}\u00bb][vc_column][vc_column_text css=\u00bb\u00bb]<\/p>\n<h1><span style=\"color: #ffffff;\">La mejor madera \u2013 Productos y aspectos destacados<\/span><\/h1>\n<p>[\/vc_column_text][\/vc_column][\/vc_row][vc_row equal_height=\u00bbyes\u00bb content_placement=\u00bbbottom\u00bb][vc_column width=\u00bb2\/3&#8243;][vc_column_text css=\u00bb\u00bb font_size=\u00bb20&#8243; line_height=\u00bb26&#8243;]<span style=\"color: #803026;\">B\u00e1sicamente, la calidad es la medida decisiva de todas las cosas en nuestra empresa. Solo utilizamos madera alpina de grano fino que crece a una altitud de entre 900 y 1.700 metros sobre el nivel del mar &#8230;<\/span>[\/vc_column_text][vc_column_text css=\u00bb\u00bb]<\/p>\n<ul>\n<li>\n<h3><a href=\"https:\/\/www.weinberger-holz.at\/es\/brettschichtholz\/\">Madera laminada para la construcci\u00f3n moderna de viviendas<\/a><\/h3>\n<\/li>\n<li>\n<h3><a href=\"https:\/\/www.weinberger-holz.at\/es\/balkenschichtholz\/\">Vigas de madera laminada (Bilam y Trilam) en calidad de vista<\/a><\/h3>\n<\/li>\n<li>\n<h3><a href=\"https:\/\/www.weinberger-holz.at\/es\/duo-konstruktionsholz\/\">Madera para la construcci\u00f3n Duo en calidad industrial<\/a><\/h3>\n<\/li>\n<li>\n<h3><a href=\"https:\/\/www.weinberger-holz.at\/es\/?page_id=47120\">Madera maciza para la construcci\u00f3n en calidad de vista<\/a><\/h3>\n<\/li>\n<li>\n<h3><a href=\"https:\/\/www.weinberger-holz.at\/es\/deckenelemente\/\">Elementos para el techo con sistema de machihembrado cepillado<\/a><\/h3>\n<\/li>\n<li>\n<h3><a href=\"https:\/\/www.weinberger-holz.at\/es\/blockhausbohlen\/\">Tablones para casas de madera de varios tipos de madera y grosores<\/a><\/h3>\n<\/li>\n<li>\n<h3><a href=\"https:\/\/www.weinberger-holz.at\/es\/bilam-forte\/\">Bilam forte, los tablones para casas de madera sin compensaci\u00f3n de asiento<\/a><\/h3>\n<\/li>\n<li>\n<h3><a href=\"https:\/\/www.weinberger-holz.at\/es\/primolam\/\">primolam \u2013 Sistema de vigas contralaminadas para techos y paredes<\/a><\/h3>\n<\/li>\n<\/ul>\n<p>[\/vc_column_text][vc_column_text css=\u00bb\u00bb]Adem\u00e1s, nuestros m\u00e1s de 100 surtidos incluyen una amplia variedad de calidades y tipos de madera, que podemos suministrar con rapidez y flexibilidad. Esta rigurosa preselecci\u00f3n de materiales ya nos diferencia de la competencia. Gracias a que nos hemos especializado en productos de absoluta calidad, afirmamos con raz\u00f3n que somos los primeros y los \u00fanicos en m\u00e1s de un \u00e1mbito.[\/vc_column_text][vc_column_text css=\u00bb.vc_custom_1776069556035{margin-bottom: 0px !important;padding-bottom: 0px !important;}\u00bb]<\/p>\n<h3>Madera laminada de alerce<\/h3>\n<p>[\/vc_column_text][vc_column_text css=\u00bb\u00bb]Debido al aumento de la demanda, hemos ampliado nuestra gama de productos y ahora ofrecemos madera laminada no solo de abeto, sino tambi\u00e9n de alerce. Fabricada con materias primas de alta calidad, cuidadosamente elaborada y con garant\u00eda de ausencia de formaldeh\u00eddo.[\/vc_column_text][vc_column_text css=\u00bb.vc_custom_1776942597953{margin-bottom: 0px !important;padding-bottom: 0px !important;}\u00bb]<\/p>\n<h3>Tablones para casas de madera encolados en diferentes perfiles, tipos y combinaciones de madera<\/h3>\n<p>[\/vc_column_text][vc_column_text css=\u00bb\u00bb]Fabricamos nuestros tablones para casas de madera a partir de madera austriaca sin duramen, que se seca hasta alcanzar un grado de humedad normalizado para uso en interiores. Una caracter\u00edstica visual destacada de nuestros tablones para casas de madera es que por el exterior solo se aprecia una l\u00ednea recta de la junta longitudinal. Conseguimos este aspecto exclusivo gracias al ensamblaje de cantos. Se utiliza una herramienta especial para crear un perfil machihembrado con una precisi\u00f3n de 1\/100 mm. La gran ventaja: es posible unir sin problemas tablones de diferentes lotes de producci\u00f3n.<\/p>\n<p><strong>La calidad y fidelidad del perfil es una de nuestras caracter\u00edsticas m\u00e1s importantes<\/strong>. Por eso es muy importante saber qu\u00e9 significa &#8230; y, realmente, se explica de forma muy sencilla: Imagine que crea un perfil con un cuchillo. Al cabo de un tiempo, el cuchillo se desafila. As\u00ed que usted lo afila. Sin embargo, el afilado del cuchillo cambia su geometr\u00eda. Y, por consiguiente, tambi\u00e9n cambia el perfil. La \u00fanica forma de evitarlo es sustituir la cuchilla. Y eso es exactamente lo que hacemos en Weinberger. De este modo, y gracias a un almacenamiento profesional de la madera con un grado de humedad constante, podemos garantizar una fidelidad absoluta del perfil.[\/vc_column_text][vc_column_text css=\u00bb.vc_custom_1776942615592{margin-bottom: 0px !important;padding-bottom: 0px !important;}\u00bb]<\/p>\n<h3>Madera laminada y madera para la construcci\u00f3n Duo, adem\u00e1s de primolan y otros: todo de una sola empresa<\/h3>\n<p>[\/vc_column_text][vc_column_text css=\u00bb\u00bb]Nuestra filosof\u00eda de calidad tambi\u00e9n se basa en poder ofrecer a cada cliente todo lo que necesita de un mismo proveedor en determinados \u00e1mbitos. Por eso, las propiedades de nuestra madera laminada son casi tan elevadas como la calidad bilam\/trilam. Junto con las vigas Bilam y Trilam, primolam y nuestra madera para la construcci\u00f3n Duo, podemos suministrar todos los productos de madera necesarios para la construcci\u00f3n con madera.[\/vc_column_text][\/vc_column][vc_column width=\u00bb1\/3&#8243;][vc_empty_space height=\u00bb25&#8243;][\/vc_column][\/vc_row]<\/p>\n<\/div>","protected":false},"excerpt":{"rendered":"<p>[vc_row type=\u00bbfull-width-content\u00bb css=\u00bb.vc_custom_1504010577304{margin-bottom: 0px !important;}\u00bb][vc_column][vc_empty_space height=\u00bb5&#8243;][layerslider_vc id=\u00bb2&#8243;][\/vc_column][\/vc_row][vc_row type=\u00bbfull-width-section\u00bb css=\u00bb.vc_custom_1504010545873{margin-top: 0px !important;padding-top: 15px !important;padding-bottom: 15px !important;background-color: #803026 !important;}\u00bb][vc_column][vc_column_text css=\u00bb\u00bb] La mejor madera \u2013 Productos y aspectos destacados [\/vc_column_text][\/vc_column][\/vc_row][vc_row equal_height=\u00bbyes\u00bb content_placement=\u00bbbottom\u00bb][vc_column width=\u00bb2\/3&#8243;][vc_column_text css=\u00bb\u00bb font_size=\u00bb20&#8243; line_height=\u00bb26&#8243;]B\u00e1sicamente, la calidad es la medida decisiva de todas las cosas en nuestra empresa. Solo utilizamos madera alpina de grano fino que crece<\/p>\n","protected":false},"author":1,"featured_media":0,"parent":0,"menu_order":0,"comment_status":"closed","ping_status":"closed","template":"","meta":{"_acf_changed":false,"_relevanssi_hide_post":"","_relevanssi_hide_content":"","_relevanssi_pin_for_all":"","_relevanssi_pin_keywords":"","_relevanssi_unpin_keywords":"","_relevanssi_related_keywords":"","_relevanssi_related_include_ids":"","_relevanssi_related_exclude_ids":"","_relevanssi_related_no_append":"","_relevanssi_related_not_related":"","_relevanssi_related_posts":"","_relevanssi_noindex_reason":"","footnotes":""},"class_list":["post-42624","page","type-page","status-publish","hentry"],"acf":[],"_links":{"self":[{"href":"https:\/\/www.weinberger-holz.at\/es\/wp-json\/wp\/v2\/pages\/42624","targetHints":{"allow":["GET"]}}],"collection":[{"href":"https:\/\/www.weinberger-holz.at\/es\/wp-json\/wp\/v2\/pages"}],"about":[{"href":"https:\/\/www.weinberger-holz.at\/es\/wp-json\/wp\/v2\/types\/page"}],"author":[{"embeddable":true,"href":"https:\/\/www.weinberger-holz.at\/es\/wp-json\/wp\/v2\/users\/1"}],"replies":[{"embeddable":true,"href":"https:\/\/www.weinberger-holz.at\/es\/wp-json\/wp\/v2\/comments?post=42624"}],"version-history":[{"count":9,"href":"https:\/\/www.weinberger-holz.at\/es\/wp-json\/wp\/v2\/pages\/42624\/revisions"}],"predecessor-version":[{"id":47520,"href":"https:\/\/www.weinberger-holz.at\/es\/wp-json\/wp\/v2\/pages\/42624\/revisions\/47520"}],"wp:attachment":[{"href":"https:\/\/www.weinberger-holz.at\/es\/wp-json\/wp\/v2\/media?parent=42624"}],"curies":[{"name":"wp","href":"https:\/\/api.w.org\/{rel}","templated":true}]}}