{"id":42628,"date":"2017-09-11T09:49:06","date_gmt":"2017-09-11T07:49:06","guid":{"rendered":"https:\/\/www.weinberger-holz.at\/typisch-holz\/"},"modified":"2026-04-23T12:56:42","modified_gmt":"2026-04-23T10:56:42","slug":"typisch-holz","status":"publish","type":"page","link":"https:\/\/www.weinberger-holz.at\/es\/typisch-holz\/","title":{"rendered":"Caracter\u00edsticas t\u00edpicas de la madera"},"content":{"rendered":"<div class=\"wpb-content-wrapper\"><p>[vc_row type=\u00bbfull-width-content\u00bb css=\u00bb.vc_custom_1504010577304{margin-bottom: 0px !important;}\u00bb][vc_column][vc_empty_space height=\u00bb5&#8243;][layerslider_vc id=\u00bb2&#8243;][\/vc_column][\/vc_row][vc_row type=\u00bbfull-width-section\u00bb css=\u00bb.vc_custom_1504010545873{margin-top: 0px !important;padding-top: 15px !important;padding-bottom: 15px !important;background-color: #803026 !important;}\u00bb][vc_column][vc_column_text css=\u00bb\u00bb]<\/p>\n<h1><span style=\"color: #ffffff;\">Madera: el material con el que se talla el \u00e9xito<\/span><\/h1>\n<p>[\/vc_column_text][\/vc_column][\/vc_row][vc_row equal_height=\u00bbyes\u00bb content_placement=\u00bbbottom\u00bb][vc_column width=\u00bb2\/3&#8243;][vc_column_text css=\u00bb\u00bb font_size=\u00bb20&#8243; line_height=\u00bb26&#8243;]<span style=\"color: #803026;\">Los posibles usos de la madera son ilimitados. Ya sean muebles, casas, pabellones, puentes o torres, la madera ha acompa\u00f1ado a la humanidad durante miles de a\u00f1os. Y no sin raz\u00f3n. Esto se debe a que sus ventajas sobre otros materiales de construcci\u00f3n son indiscutibles. Algunos ejemplos:<\/span>[\/vc_column_text][vc_column_text css=\u00bb.vc_custom_1776941612853{margin-bottom: 0px !important;padding-bottom: 0px !important;}\u00bb]<\/p>\n<h3>Sumidero de carbono \u2013 durante toda la vida \u00fatil del edificio<\/h3>\n<p>[\/vc_column_text][vc_column_text css=\u00bb\u00bb]Un metro c\u00fabico de \u00abWeinberger-best-of-wood\u00bb almacena una tonelada de CO<sub>2<\/sub>.<br \/>\nEsta es otra de las razones por las que cumple la actual normativa de CO<sub>2<\/sub> para la construcci\u00f3n de edificios p\u00fablicos, que ya existe en muchos pa\u00edses e incluso est\u00e1 prescrita por ley.[\/vc_column_text][vc_column_text css=\u00bb.vc_custom_1739798408855{margin-bottom: 0px !important;padding-bottom: 0px !important;}\u00bb]<\/p>\n<h3>Cualidades antienvejecimiento<\/h3>\n<p>[\/vc_column_text][vc_column_text css=\u00bb\u00bb]La madera protegida de la intemperie no envejece. Por eso, el valor de una casa se conserva a largo plazo si se mantiene adecuadamente. Basta pensar en las antiguas casas con entramado de madera del siglo XIII.[\/vc_column_text][vc_column_text css=\u00bb.vc_custom_1739798447119{margin-bottom: 0px !important;padding-bottom: 0px !important;}\u00bb]<\/p>\n<h3>Gran capacidad de retenci\u00f3n del calor<\/h3>\n<p>[\/vc_column_text][vc_column_text css=\u00bb\u00bb]Su especial estructura celular hace que la madera sea mala conductora del calor. Por lo tanto, es especialmente adecuada para el aislamiento t\u00e9rmico y, al mismo tiempo, proporciona un calor y un confort acogedores.[\/vc_column_text][vc_column_text css=\u00bb.vc_custom_1739798480975{margin-bottom: 0px !important;padding-bottom: 0px !important;}\u00bb]<\/p>\n<h3>Mayor resistencia al fuego<\/h3>\n<p>[\/vc_column_text][vc_column_text css=\u00bb\u00bb]Con la protecci\u00f3n estructural contra incendios adecuada, las construcciones de madera duran m\u00e1s en caso de incendio que las vigas de acero o las construcciones de hormig\u00f3n, por ejemplo.[\/vc_column_text][vc_column_text css=\u00bb.vc_custom_1739798515371{margin-bottom: 0px !important;padding-bottom: 0px !important;}\u00bb]<\/p>\n<h3>M\u00e1xima resistencia posible a los terremotos<\/h3>\n<p>[\/vc_column_text][vc_column_text css=\u00bb\u00bb]Como la madera es muy ligera, ejerce menos fuerza sobre la estructura portante del edificio en caso de terremoto. Tambi\u00e9n tiene una gran elasticidad, por lo que puede absorber mejor las ondas s\u00edsmicas.[\/vc_column_text][vc_column_text css=\u00bb.vc_custom_1739798546050{margin-bottom: 0px !important;padding-bottom: 0px !important;}\u00bb]<\/p>\n<h3>Recursos renovables<\/h3>\n<p>[\/vc_column_text][vc_column_text css=\u00bb\u00bb]La madera vuelve a crecer. Por tanto, es una fuente inagotable y, adem\u00e1s, presenta un balance ecol\u00f3gico impresionantemente positivo.[\/vc_column_text][\/vc_column][vc_column width=\u00bb1\/3&#8243;][vc_empty_space height=\u00bb25&#8243;][vc_column_text css=\u00bb.vc_custom_1740405875517{border-left-width: 2px !important;padding-left: 10px !important;border-left-style: solid !important;border-color: #803026 !important;}\u00bb font_size=\u00bb20&#8243; line_height=\u00bb26&#8243;]<span style=\"color: #803026;\">Esto y mucho m\u00e1s habla en favor de la madera como material de construcci\u00f3n. Adem\u00e1s, nosotros le damos cualidades especiales y adicionales. <a class=\"unterstreichen-dashed\" href=\"https:\/\/www.weinberger-holz.at\/es\/special-effects-im-ueberblick\/\">Lea usted mismo<\/a>!<\/span>[\/vc_column_text][\/vc_column][\/vc_row]<\/p>\n<\/div>","protected":false},"excerpt":{"rendered":"<p>[vc_row type=\u00bbfull-width-content\u00bb css=\u00bb.vc_custom_1504010577304{margin-bottom: 0px !important;}\u00bb][vc_column][vc_empty_space height=\u00bb5&#8243;][layerslider_vc id=\u00bb2&#8243;][\/vc_column][\/vc_row][vc_row type=\u00bbfull-width-section\u00bb css=\u00bb.vc_custom_1504010545873{margin-top: 0px !important;padding-top: 15px !important;padding-bottom: 15px !important;background-color: #803026 !important;}\u00bb][vc_column][vc_column_text css=\u00bb\u00bb] Madera: el material con el que se talla el \u00e9xito [\/vc_column_text][\/vc_column][\/vc_row][vc_row equal_height=\u00bbyes\u00bb content_placement=\u00bbbottom\u00bb][vc_column width=\u00bb2\/3&#8243;][vc_column_text css=\u00bb\u00bb font_size=\u00bb20&#8243; line_height=\u00bb26&#8243;]Los posibles usos de la madera son ilimitados. Ya sean muebles, casas, pabellones, puentes o torres, la madera ha acompa\u00f1ado a<\/p>\n","protected":false},"author":1,"featured_media":0,"parent":0,"menu_order":0,"comment_status":"closed","ping_status":"closed","template":"","meta":{"_acf_changed":false,"_relevanssi_hide_post":"","_relevanssi_hide_content":"","_relevanssi_pin_for_all":"","_relevanssi_pin_keywords":"","_relevanssi_unpin_keywords":"","_relevanssi_related_keywords":"","_relevanssi_related_include_ids":"","_relevanssi_related_exclude_ids":"","_relevanssi_related_no_append":"","_relevanssi_related_not_related":"","_relevanssi_related_posts":"","_relevanssi_noindex_reason":"","footnotes":""},"class_list":["post-42628","page","type-page","status-publish","hentry"],"acf":[],"_links":{"self":[{"href":"https:\/\/www.weinberger-holz.at\/es\/wp-json\/wp\/v2\/pages\/42628","targetHints":{"allow":["GET"]}}],"collection":[{"href":"https:\/\/www.weinberger-holz.at\/es\/wp-json\/wp\/v2\/pages"}],"about":[{"href":"https:\/\/www.weinberger-holz.at\/es\/wp-json\/wp\/v2\/types\/page"}],"author":[{"embeddable":true,"href":"https:\/\/www.weinberger-holz.at\/es\/wp-json\/wp\/v2\/users\/1"}],"replies":[{"embeddable":true,"href":"https:\/\/www.weinberger-holz.at\/es\/wp-json\/wp\/v2\/comments?post=42628"}],"version-history":[{"count":7,"href":"https:\/\/www.weinberger-holz.at\/es\/wp-json\/wp\/v2\/pages\/42628\/revisions"}],"predecessor-version":[{"id":47426,"href":"https:\/\/www.weinberger-holz.at\/es\/wp-json\/wp\/v2\/pages\/42628\/revisions\/47426"}],"wp:attachment":[{"href":"https:\/\/www.weinberger-holz.at\/es\/wp-json\/wp\/v2\/media?parent=42628"}],"curies":[{"name":"wp","href":"https:\/\/api.w.org\/{rel}","templated":true}]}}