{"id":42636,"date":"2017-09-11T11:56:34","date_gmt":"2017-09-11T09:56:34","guid":{"rendered":"https:\/\/www.weinberger-holz.at\/special-effects-im-ueberblick\/"},"modified":"2026-04-23T13:16:20","modified_gmt":"2026-04-23T11:16:20","slug":"special-effects-im-ueberblick","status":"publish","type":"page","link":"https:\/\/www.weinberger-holz.at\/es\/special-effects-im-ueberblick\/","title":{"rendered":"Los efectos especiales de un vistazo"},"content":{"rendered":"<div class=\"wpb-content-wrapper\"><p>[vc_row type=\u00bbfull-width-content\u00bb css=\u00bb.vc_custom_1504010577304{margin-bottom: 0px !important;}\u00bb][vc_column][vc_empty_space height=\u00bb5&#8243;][layerslider_vc id=\u00bb2&#8243;][\/vc_column][\/vc_row][vc_row type=\u00bbfull-width-section\u00bb css=\u00bb.vc_custom_1504010545873{margin-top: 0px !important;padding-top: 15px !important;padding-bottom: 15px !important;background-color: #803026 !important;}\u00bb][vc_column][vc_column_text css=\u00bb\u00bb]<\/p>\n<h1><span style=\"color: #ffffff;\">Los efectos especiales de un vistazo<\/span><\/h1>\n<p>[\/vc_column_text][\/vc_column][\/vc_row][vc_row equal_height=\u00bbyes\u00bb content_placement=\u00bbbottom\u00bb][vc_column width=\u00bb2\/3&#8243;][vc_column_text css=\u00bb\u00bb font_size=\u00bb20&#8243; line_height=\u00bb26&#8243;]<span style=\"color: #803026;\">Como empresa de alta tecnolog\u00eda, desarrollamos constantemente innovaciones de productos gracias una investigaci\u00f3n constante, lo que nos ha convertido en varias ocasiones en pioneros y l\u00edderes del mercado de productos especializados. Esta filosof\u00eda de futuro y calidad se basa en muchos pilares:<\/span>[\/vc_column_text][vc_column_text css=\u00bb.vc_custom_1739800750975{margin-bottom: 0px !important;padding-bottom: 0px !important;}\u00bb]<\/p>\n<h3>Calidad de la madera 1a gracias a una zona de cultivo excelente<\/h3>\n<p>[\/vc_column_text][vc_column_text css=\u00bb\u00bb]La regi\u00f3n que rodea la sede de nuestra empresa en Reichenfels, en el Lavanttal carintio, es una excelente zona de cultivo. Solo por este motivo, nos hemos consolidado como uno de los principales proveedores de madera con calidad de vista. Tambi\u00e9n disponemos de pino austriaco, una madera con fibras finas y un patr\u00f3n de crecimiento especialmente bello. Todo esto, as\u00ed como la especial consideraci\u00f3n de los deseos individuales de nuestros clientes, la producci\u00f3n por listas y los distintos tipos de madera y combinaciones (por ejemplo, abeto\/alerce, troncos) son algunos de nuestros grandes puntos fuertes.[\/vc_column_text][vc_column_text css=\u00bb.vc_custom_1739800788562{margin-bottom: 0px !important;padding-bottom: 0px !important;}\u00bb]<\/p>\n<h3>Certificado PEFC<\/h3>\n<p>[\/vc_column_text][vc_column_text css=\u00bb\u00bb]<img loading=\"lazy\" decoding=\"async\" class=\"alignright wp-image-35348\" src=\"https:\/\/www.weinberger-holz.at\/wp-content\/uploads\/pefc-label-pefc06-34-158-logo-BLACK-WEB.png\" alt=\"PEFC-Weinberger\" width=\"80\" height=\"100\" \/>Nuestra madera aserrada tiene hasta un 100% de certificaci\u00f3n PEFC; para promover y garantizar la gesti\u00f3n sostenible de los bosques.[\/vc_column_text][vc_column_text css=\u00bb.vc_custom_1739800837931{margin-bottom: 0px !important;padding-bottom: 0px !important;}\u00bb]<\/p>\n<h3>Ensamblaje horizontal y de cantos<\/h3>\n<p>[\/vc_column_text][vc_column_text css=\u00bb\u00bb]Los criterios de decisi\u00f3n, tanto visuales como t\u00e9cnicos, hablan a favor del ensamblaje horizontal. Tambi\u00e9n ofrecemos a nuestros clientes del segmento de las casas de de madera un extra adicional: nuestro ensamblaje de cantos.<br \/>\nLa ventaja: la junta longitudinal solo se reconoce visualmente como una l\u00ednea muy discreta a segunda vista.[\/vc_column_text][vc_column_text css=\u00bb.vc_custom_1764320864309{margin-bottom: 0px !important;padding-bottom: 0px !important;}\u00bb]<\/p>\n<h3>Certificado EPD para todos los productos<\/h3>\n<p>[\/vc_column_text][vc_column_text css=\u00bb\u00bb]<img loading=\"lazy\" decoding=\"async\" class=\"wp-image-46478 alignright\" src=\"https:\/\/www.weinberger-holz.at\/wp-content\/uploads\/\/EPD-356x200WEB-200x112.png\" alt=\"\" width=\"100\" height=\"56\" srcset=\"https:\/\/www.weinberger-holz.at\/wp-content\/uploads\/EPD-356x200WEB-200x112.png 200w, https:\/\/www.weinberger-holz.at\/wp-content\/uploads\/EPD-356x200WEB-300x169.png 300w, https:\/\/www.weinberger-holz.at\/wp-content\/uploads\/EPD-356x200WEB.png 356w\" sizes=\"auto, (max-width: 100px) 100vw, 100px\" \/>Con el certificado EPD (Declaraci\u00f3n Ambiental de Producto) para todos los productos, Weinberger asume varios compromisos a la vez. Por un lado, estamos haciendo una contribuci\u00f3n m\u00e1s a un futuro sostenible. Por otro, ofrecemos a nuestros clientes argumentos cre\u00edbles para la comunicaci\u00f3n medioambiental con sus clientes. Pues la declaraci\u00f3n EPD como base para las evaluaciones de los productos de construcci\u00f3n y los edificios a lo largo de todo el ciclo de vida se basa en normas internacionales y valoraciones objetivas realizadas por terceros. En otras palabras: aut\u00e9ntica protecci\u00f3n medioambiental en lugar de ecopostureo.[\/vc_column_text][vc_column_text css=\u00bb.vc_custom_1739800913145{margin-bottom: 0px !important;padding-bottom: 0px !important;}\u00bb]<\/p>\n<h3>Encolado de alerce con imprimaci\u00f3n conforme a CE<\/h3>\n<p>[\/vc_column_text][vc_column_text css=\u00bb\u00bb]<img loading=\"lazy\" decoding=\"async\" class=\"alignright wp-image-42780\" src=\"https:\/\/www.weinberger-holz.at\/wp-content\/uploads\/CE-ES-2.png\" alt=\"\" width=\"100\" height=\"100\" srcset=\"https:\/\/www.weinberger-holz.at\/wp-content\/uploads\/CE-ES-2.png 200w, https:\/\/www.weinberger-holz.at\/wp-content\/uploads\/CE-ES-2-768x768.png 768w, https:\/\/www.weinberger-holz.at\/wp-content\/uploads\/CE-ES-2-570x570.png 570w\" sizes=\"auto, (max-width: 100px) 100vw, 100px\" \/>Somos una de las pocas empresas de la industria maderera que utiliza una imprimaci\u00f3n para mejorar significativamente la calidad de adhesi\u00f3n del alerce, minimizando as\u00ed la deslaminaci\u00f3n como resultado de una intensa exposici\u00f3n a la intemperie.[\/vc_column_text][vc_column_text css=\u00bb.vc_custom_1739800965577{margin-bottom: 0px !important;padding-bottom: 0px !important;}\u00bb]<\/p>\n<h3>Cepillado de precisi\u00f3n con herramientas especiales<\/h3>\n<p>[\/vc_column_text][vc_column_text css=\u00bb\u00bb]Antes se utilizaban herramientas est\u00e1ndar, como cuchillas de cepillos perfiladores con dientes traseros. Estas cuchillas cepilladoras cambian su geometr\u00eda cada vez que se afilan. Como resultado variaban tanto el \u00e1ngulo y la precisi\u00f3n de ajuste como el asiento de la uni\u00f3n machihembrada. Nuestra nueva generaci\u00f3n de herramientas se basa en un sistema revolucionario que evita estas imprecisiones. Por ello, nuestros clientes aprecian la absoluta precisi\u00f3n de ajuste y la posibilidad de combinar nuestros tablones para casas de madera de forma variable, independientemente del lote y la fecha de producci\u00f3n.[\/vc_column_text][vc_column_text css=\u00bb.vc_custom_1739801005706{margin-bottom: 0px !important;padding-bottom: 0px !important;}\u00bb]<\/p>\n<h3>Variedad ilimitada de superficies<\/h3>\n<p>[\/vc_column_text][vc_column_text css=\u00bb\u00bb]Para nosotros, los deseos de los clientes no son solo un pedido, sino una obligaci\u00f3n. Por eso ofrecemos una variedad casi ilimitada de superficies: ya sea alerce o termomadera, ya est\u00e9 vaporizada, cepillada o desmenuzada. Por ejemplo, conseguimos una superficie de aspecto r\u00fastico o antiguo sometiendo las vigas Bilam y Trilam a un proceso especial de vaporizado. Por otro lado, al cortar y cepillar se consigue un aspecto \u00fanico que es especialmente popular entre los usuarios finales de casas de madera.[\/vc_column_text][vc_column_text css=\u00bb.vc_custom_1739801049842{margin-bottom: 0px !important;padding-bottom: 0px !important;}\u00bb]<\/p>\n<h3>Uni\u00f3n sin formaldeh\u00eddo<\/h3>\n<p>[\/vc_column_text][vc_column_text css=\u00bb\u00bb]<img loading=\"lazy\" decoding=\"async\" class=\"alignright wp-image-42616\" src=\"https:\/\/www.weinberger-holz.at\/wp-content\/uploads\/\/Label-Formaldehydfrei-ES-200-1-200x200.png\" alt=\"uni\u00f3n sin formaldeh\u00eddo\" width=\"100\" height=\"100\" srcset=\"https:\/\/www.weinberger-holz.at\/wp-content\/uploads\/Label-Formaldehydfrei-ES-200-1-200x200.png 200w, https:\/\/www.weinberger-holz.at\/wp-content\/uploads\/Label-Formaldehydfrei-ES-200-1-300x300.png 300w, https:\/\/www.weinberger-holz.at\/wp-content\/uploads\/Label-Formaldehydfrei-ES-200-1-450x450.png 450w, https:\/\/www.weinberger-holz.at\/wp-content\/uploads\/Label-Formaldehydfrei-ES-200-1-900x900.png 900w, https:\/\/www.weinberger-holz.at\/wp-content\/uploads\/Label-Formaldehydfrei-ES-200-1-600x600.png 600w, https:\/\/www.weinberger-holz.at\/wp-content\/uploads\/Label-Formaldehydfrei-ES-200-1-768x768.png 768w, https:\/\/www.weinberger-holz.at\/wp-content\/uploads\/Label-Formaldehydfrei-ES-200-1-570x570.png 570w, https:\/\/www.weinberger-holz.at\/wp-content\/uploads\/Label-Formaldehydfrei-ES-200-1-60x60.png 60w, https:\/\/www.weinberger-holz.at\/wp-content\/uploads\/Label-Formaldehydfrei-ES-200-1.png 912w\" sizes=\"auto, (max-width: 100px) 100vw, 100px\" \/>La madera es un producto natural. Y as\u00ed debe seguir siendo. <strong>Por eso solo utilizamos adhesivos sin formaldeh\u00eddo.<\/strong> Esto significa que dejamos la madera tal y como la cre\u00f3 la naturaleza en t\u00e9rminos de emisiones. Ni que decir tiene que de este modo cumplimos todas las pruebas y certificaciones.[\/vc_column_text][\/vc_column][vc_column width=\u00bb1\/3&#8243;][vc_empty_space height=\u00bb25&#8243;][\/vc_column][\/vc_row]<\/p>\n<\/div>","protected":false},"excerpt":{"rendered":"<p>[vc_row type=\u00bbfull-width-content\u00bb css=\u00bb.vc_custom_1504010577304{margin-bottom: 0px !important;}\u00bb][vc_column][vc_empty_space height=\u00bb5&#8243;][layerslider_vc id=\u00bb2&#8243;][\/vc_column][\/vc_row][vc_row type=\u00bbfull-width-section\u00bb css=\u00bb.vc_custom_1504010545873{margin-top: 0px !important;padding-top: 15px !important;padding-bottom: 15px !important;background-color: #803026 !important;}\u00bb][vc_column][vc_column_text css=\u00bb\u00bb] Los efectos especiales de un vistazo [\/vc_column_text][\/vc_column][\/vc_row][vc_row equal_height=\u00bbyes\u00bb content_placement=\u00bbbottom\u00bb][vc_column width=\u00bb2\/3&#8243;][vc_column_text css=\u00bb\u00bb font_size=\u00bb20&#8243; line_height=\u00bb26&#8243;]Como empresa de alta tecnolog\u00eda, desarrollamos constantemente innovaciones de productos gracias una investigaci\u00f3n constante, lo que nos ha convertido en varias ocasiones en pioneros y<\/p>\n","protected":false},"author":1,"featured_media":0,"parent":0,"menu_order":0,"comment_status":"closed","ping_status":"closed","template":"","meta":{"_acf_changed":false,"_relevanssi_hide_post":"","_relevanssi_hide_content":"","_relevanssi_pin_for_all":"","_relevanssi_pin_keywords":"","_relevanssi_unpin_keywords":"","_relevanssi_related_keywords":"","_relevanssi_related_include_ids":"","_relevanssi_related_exclude_ids":"","_relevanssi_related_no_append":"","_relevanssi_related_not_related":"","_relevanssi_related_posts":"","_relevanssi_noindex_reason":"","footnotes":""},"class_list":["post-42636","page","type-page","status-publish","hentry"],"acf":[],"_links":{"self":[{"href":"https:\/\/www.weinberger-holz.at\/es\/wp-json\/wp\/v2\/pages\/42636","targetHints":{"allow":["GET"]}}],"collection":[{"href":"https:\/\/www.weinberger-holz.at\/es\/wp-json\/wp\/v2\/pages"}],"about":[{"href":"https:\/\/www.weinberger-holz.at\/es\/wp-json\/wp\/v2\/types\/page"}],"author":[{"embeddable":true,"href":"https:\/\/www.weinberger-holz.at\/es\/wp-json\/wp\/v2\/users\/1"}],"replies":[{"embeddable":true,"href":"https:\/\/www.weinberger-holz.at\/es\/wp-json\/wp\/v2\/comments?post=42636"}],"version-history":[{"count":6,"href":"https:\/\/www.weinberger-holz.at\/es\/wp-json\/wp\/v2\/pages\/42636\/revisions"}],"predecessor-version":[{"id":47437,"href":"https:\/\/www.weinberger-holz.at\/es\/wp-json\/wp\/v2\/pages\/42636\/revisions\/47437"}],"wp:attachment":[{"href":"https:\/\/www.weinberger-holz.at\/es\/wp-json\/wp\/v2\/media?parent=42636"}],"curies":[{"name":"wp","href":"https:\/\/api.w.org\/{rel}","templated":true}]}}