{"id":42641,"date":"2017-09-13T11:45:41","date_gmt":"2017-09-13T09:45:41","guid":{"rendered":"https:\/\/www.weinberger-holz.at\/vertikale-und-horizontale-zinkung\/"},"modified":"2025-02-25T12:37:29","modified_gmt":"2025-02-25T11:37:29","slug":"vertikale-und-horizontale-zinkung","status":"publish","type":"page","link":"https:\/\/www.weinberger-holz.at\/es\/vertikale-und-horizontale-zinkung\/","title":{"rendered":"Ensamblajes verticales y horizontales"},"content":{"rendered":"<div class=\"wpb-content-wrapper\"><p>[vc_row type=\u00bbfull-width-content\u00bb css=\u00bb.vc_custom_1504010577304{margin-bottom: 0px !important;}\u00bb][vc_column][vc_empty_space height=\u00bb5&#8243;][layerslider_vc id=\u00bb2&#8243;][\/vc_column][\/vc_row][vc_row type=\u00bbfull-width-section\u00bb css=\u00bb.vc_custom_1504010545873{margin-top: 0px !important;padding-top: 15px !important;padding-bottom: 15px !important;background-color: #803026 !important;}\u00bb][vc_column][vc_column_text css=\u00bb\u00bb]<\/p>\n<h1><span style=\"color: #ffffff;\">Ensamblajes verticales y horizontales<\/span><\/h1>\n<p>[\/vc_column_text][\/vc_column][\/vc_row][vc_row equal_height=\u00bbyes\u00bb content_placement=\u00bbbottom\u00bb][vc_column width=\u00bb2\/3&#8243;][vc_column_text css=\u00bb.vc_custom_1739801910132{margin-bottom: 0px !important;padding-bottom: 0px !important;}\u00bb]<\/p>\n<h3>El principio<\/h3>\n<p>[\/vc_column_text][vc_column_text css=\u00bb\u00bb]Los ensamblajes de dientes triangulares es un tipo especial de uni\u00f3n longitudinal de madera que utiliza el principio del efecto cu\u00f1a. La base para ello es un perfil normalizado con numerosas cu\u00f1as peque\u00f1as, que se presiona junto con un contraperfil correspondiente ejerciendo una gran fuerza. Este encaje forzado ya no puede soltarse con la mano. El uso de adhesivo garantiza una conexi\u00f3n permanentemente resistente y est\u00e1ticamente predecible. La \u00fanica diferencia entre el ensamblaje horizontal y el vertical es que la direcci\u00f3n de fresado se gira en 90 grados.[\/vc_column_text][\/vc_column][vc_column width=\u00bb1\/3&#8243;][vc_empty_space height=\u00bb25&#8243;][\/vc_column][\/vc_row][vc_row equal_height=\u00bbyes\u00bb content_placement=\u00bbbottom\u00bb][vc_column width=\u00bb2\/3&#8243;][vc_column_text css=\u00bb.vc_custom_1739801945354{margin-bottom: 0px !important;padding-bottom: 0px !important;}\u00bb]<\/p>\n<h3>El ensamblaje vertical<\/h3>\n<p>[\/vc_column_text][vc_column_text css=\u00bb.vc_custom_1739801960148{margin-bottom: 0px !important;padding-bottom: 0px !important;}\u00bb]El ensamblaje vertical es el tipo m\u00e1s com\u00fan de ensamblaje de dientes triangulares. En comparaci\u00f3n con la variante horizontal, su ventaja radica en la mayor rapidez de producci\u00f3n, ya que el proceso de fresado tiene lugar en el lado m\u00e1s corto del tablero. Esto se traduce en precios de venta m\u00e1s favorables. Con este proceso de ensamblaje, muy econ\u00f3mico y racional, el perfil de los dientes permanece visible en la junta.[\/vc_column_text][vc_column_text css=\u00bb.vc_custom_1505300557049{margin-top: 0px !important;padding-top: 0px !important;}\u00bb]<img loading=\"lazy\" decoding=\"async\" class=\"alignright wp-image-16100 size-thumbnail2\" src=\"https:\/\/www.weinberger-holz.at\/wp-content\/uploads\/\/Zinkung-vertikal-Fichte-600x400-300x220.jpg\" alt=\"Vertikale Zinkung\" width=\"300\" height=\"220\" srcset=\"https:\/\/www.weinberger-holz.at\/wp-content\/uploads\/Zinkung-vertikal-Fichte-600x400-300x220.jpg 300w, https:\/\/www.weinberger-holz.at\/wp-content\/uploads\/Zinkung-vertikal-Fichte-600x400-200x147.jpg 200w, https:\/\/www.weinberger-holz.at\/wp-content\/uploads\/Zinkung-vertikal-Fichte-600x400-409x300.jpg 409w, https:\/\/www.weinberger-holz.at\/wp-content\/uploads\/Zinkung-vertikal-Fichte-600x400.jpg 600w\" sizes=\"auto, (max-width: 300px) 100vw, 300px\" \/>[\/vc_column_text][\/vc_column][vc_column width=\u00bb1\/3&#8243;][vc_column_text css=\u00bb.vc_custom_1739802039975{border-left-width: 2px !important;padding-left: 10px !important;border-left-style: solid !important;border-color: #803026 !important;}\u00bb font_size=\u00bb20&#8243; line_height=\u00bb23&#8243;]<\/p>\n<h3>Ensamblaje vertical<\/h3>\n<ul>\n<li><span style=\"color: #803026;\">Econ\u00f3mico, porque su producci\u00f3n es m\u00e1s eficiente<\/span><\/li>\n<\/ul>\n<p>[\/vc_column_text][vc_empty_space height=\u00bb15&#8243;][\/vc_column][\/vc_row][vc_row equal_height=\u00bbyes\u00bb content_placement=\u00bbbottom\u00bb][vc_column width=\u00bb2\/3&#8243;][vc_column_text css=\u00bb.vc_custom_1739801986786{margin-bottom: 0px !important;padding-bottom: 0px !important;}\u00bb]<\/p>\n<h3>El ensamblaje horizontal a la Weinberger<\/h3>\n<p>[\/vc_column_text][vc_column_text css=\u00bb.vc_custom_1739802002784{margin-bottom: 0px !important;padding-bottom: 0px !important;}\u00bb]En cambio, el ensamblaje horizontal es una forma especial de producci\u00f3n en la que se fresa el lado m\u00e1s largo. Weinberger mejora este perfil con un ensamblaje en el canto que no afecta a la resistencia de los tablones. El resultado: una uni\u00f3n recta en forma de l\u00ednea sutil que solo puede reconocerse con una inspecci\u00f3n minuciosa. Esta es otra raz\u00f3n por la que Weinberger es un socio muy apreciado en la construcci\u00f3n de casas de maderas modernas y exigentes.[\/vc_column_text][vc_column_text css=\u00bb.vc_custom_1505300564968{margin-top: 0px !important;padding-top: 0px !important;}\u00bb]<img loading=\"lazy\" decoding=\"async\" class=\"alignright wp-image-16104 size-thumbnail2\" src=\"https:\/\/www.weinberger-holz.at\/wp-content\/uploads\/\/Zinkung-horizontall-Fichte-600x400-300x220.jpg\" alt=\"Horizontale Zinkung\" width=\"300\" height=\"220\" srcset=\"https:\/\/www.weinberger-holz.at\/wp-content\/uploads\/Zinkung-horizontall-Fichte-600x400-300x220.jpg 300w, https:\/\/www.weinberger-holz.at\/wp-content\/uploads\/Zinkung-horizontall-Fichte-600x400-200x147.jpg 200w, https:\/\/www.weinberger-holz.at\/wp-content\/uploads\/Zinkung-horizontall-Fichte-600x400-409x300.jpg 409w, https:\/\/www.weinberger-holz.at\/wp-content\/uploads\/Zinkung-horizontall-Fichte-600x400.jpg 600w\" sizes=\"auto, (max-width: 300px) 100vw, 300px\" \/>[\/vc_column_text][\/vc_column][vc_column width=\u00bb1\/3&#8243;][vc_column_text css=\u00bb.vc_custom_1739802192970{border-left-width: 2px !important;padding-left: 10px !important;border-left-style: solid !important;border-color: #803026 !important;}\u00bb font_size=\u00bb20&#8243; line_height=\u00bb23&#8243;]<\/p>\n<h3>Ensamblaje horizontal con ensamblaje en el canto.<\/h3>\n<ul>\n<li><span style=\"color: #803026;\">El ensamblaje en el canto garantiza conexiones casi invisibles<\/span><\/li>\n<li><span style=\"color: #803026;\">No influye en la resistencia<\/span><\/li>\n<\/ul>\n<ul>\n<li><span style=\"color: #803026;\">Ideal para la construcci\u00f3n de casas de madera de alta calidad<\/span><\/li>\n<\/ul>\n<p>[\/vc_column_text][vc_empty_space height=\u00bb15&#8243;][\/vc_column][\/vc_row]<\/p>\n<\/div>","protected":false},"excerpt":{"rendered":"<p>[vc_row type=\u00bbfull-width-content\u00bb css=\u00bb.vc_custom_1504010577304{margin-bottom: 0px !important;}\u00bb][vc_column][vc_empty_space height=\u00bb5&#8243;][layerslider_vc id=\u00bb2&#8243;][\/vc_column][\/vc_row][vc_row type=\u00bbfull-width-section\u00bb css=\u00bb.vc_custom_1504010545873{margin-top: 0px !important;padding-top: 15px !important;padding-bottom: 15px !important;background-color: #803026 !important;}\u00bb][vc_column][vc_column_text css=\u00bb\u00bb] Ensamblajes verticales y horizontales [\/vc_column_text][\/vc_column][\/vc_row][vc_row equal_height=\u00bbyes\u00bb content_placement=\u00bbbottom\u00bb][vc_column width=\u00bb2\/3&#8243;][vc_column_text css=\u00bb.vc_custom_1739801910132{margin-bottom: 0px !important;padding-bottom: 0px !important;}\u00bb] El principio [\/vc_column_text][vc_column_text css=\u00bb\u00bb]Los ensamblajes de dientes triangulares es un tipo especial de uni\u00f3n longitudinal de madera que utiliza el principio del efecto cu\u00f1a.<\/p>\n","protected":false},"author":1,"featured_media":0,"parent":0,"menu_order":0,"comment_status":"closed","ping_status":"closed","template":"","meta":{"_acf_changed":false,"_relevanssi_hide_post":"","_relevanssi_hide_content":"","_relevanssi_pin_for_all":"","_relevanssi_pin_keywords":"","_relevanssi_unpin_keywords":"","_relevanssi_related_keywords":"","_relevanssi_related_include_ids":"","_relevanssi_related_exclude_ids":"","_relevanssi_related_no_append":"","_relevanssi_related_not_related":"","_relevanssi_related_posts":"","_relevanssi_noindex_reason":"","footnotes":""},"class_list":["post-42641","page","type-page","status-publish","hentry"],"acf":[],"_links":{"self":[{"href":"https:\/\/www.weinberger-holz.at\/es\/wp-json\/wp\/v2\/pages\/42641","targetHints":{"allow":["GET"]}}],"collection":[{"href":"https:\/\/www.weinberger-holz.at\/es\/wp-json\/wp\/v2\/pages"}],"about":[{"href":"https:\/\/www.weinberger-holz.at\/es\/wp-json\/wp\/v2\/types\/page"}],"author":[{"embeddable":true,"href":"https:\/\/www.weinberger-holz.at\/es\/wp-json\/wp\/v2\/users\/1"}],"replies":[{"embeddable":true,"href":"https:\/\/www.weinberger-holz.at\/es\/wp-json\/wp\/v2\/comments?post=42641"}],"version-history":[{"count":3,"href":"https:\/\/www.weinberger-holz.at\/es\/wp-json\/wp\/v2\/pages\/42641\/revisions"}],"predecessor-version":[{"id":46058,"href":"https:\/\/www.weinberger-holz.at\/es\/wp-json\/wp\/v2\/pages\/42641\/revisions\/46058"}],"wp:attachment":[{"href":"https:\/\/www.weinberger-holz.at\/es\/wp-json\/wp\/v2\/media?parent=42641"}],"curies":[{"name":"wp","href":"https:\/\/api.w.org\/{rel}","templated":true}]}}