{"id":19700,"date":"2017-09-11T11:56:34","date_gmt":"2017-09-11T09:56:34","guid":{"rendered":"https:\/\/www2.weinberger-holz.at\/special-effects-im-ueberblick\/"},"modified":"2026-04-23T13:17:10","modified_gmt":"2026-04-23T11:17:10","slug":"special-effects-im-ueberblick","status":"publish","type":"page","link":"https:\/\/www.weinberger-holz.at\/fr\/special-effects-im-ueberblick\/","title":{"rendered":"Effets sp\u00e9ciaux : vue d\u2019ensemble"},"content":{"rendered":"<div class=\"wpb-content-wrapper\"><p>[vc_row type=\u00a0\u00bbfull-width-content\u00a0\u00bb css=\u00a0\u00bb.vc_custom_1504010577304{margin-bottom: 0px !important;}\u00a0\u00bb][vc_column][vc_empty_space height=\u00a0\u00bb5&Prime;][layerslider_vc id=\u00a0\u00bb2&Prime;][\/vc_column][\/vc_row][vc_row type=\u00a0\u00bbfull-width-section\u00a0\u00bb css=\u00a0\u00bb.vc_custom_1504010545873{margin-top: 0px !important;padding-top: 15px !important;padding-bottom: 15px !important;background-color: #803026 !important;}\u00a0\u00bb][vc_column][vc_column_text]<\/p>\n<h1><span style=\"color: #ffffff;\">Effets sp\u00e9ciaux\u00a0: vue d\u2019ensemble<\/span><\/h1>\n<p>[\/vc_column_text][\/vc_column][\/vc_row][vc_row equal_height=\u00a0\u00bbyes\u00a0\u00bb content_placement=\u00a0\u00bbbottom\u00a0\u00bb][vc_column width=\u00a0\u00bb2\/3&Prime;][vc_column_text font_size=\u00a0\u00bb20&Prime; line_height=\u00a0\u00bb26&Prime;]<span style=\"color: #803026;\">Entreprise de haute technologie, nous innovons r\u00e9guli\u00e8rement en nous appuyant sur une recherche syst\u00e9matique et mettons au point des produits sp\u00e9ciaux qui nous ont \u00e0 plusieurs reprises fait passer du statut de pionniers \u00e0 celui de leaders du march\u00e9. Cette philosophie ax\u00e9e sur l\u2019avenir et la qualit\u00e9 repose sur de nombreux piliers\u00a0:<\/span>[\/vc_column_text][vc_column_text css=\u00a0\u00bb.vc_custom_1508941437325{margin-bottom: 0px !important;padding-bottom: 0px !important;}\u00a0\u00bb]<\/p>\n<h3>Un bois de qualit\u00e9 1A originaire d\u2019une r\u00e9gion sylvicole exceptionnelle<\/h3>\n<p>[\/vc_column_text][vc_column_text]La r\u00e9gion de Reichenfels, le site de notre entreprise, dans le Lavanttal, en Carinthie, est une r\u00e9gion sylvicole de premier ordre. C\u2019est la premi\u00e8re des raisons qui expliquent que nous nous soyons \u00e9tablis comme le leader des fournisseurs en qualit\u00e9 de parement. Par ailleurs, nous produisons du pin autrichien et donc une qualit\u00e9 de bois caract\u00e9ris\u00e9e par une fibre fine et des veinures particuli\u00e8rement esthtiques. Tout ceci, de m\u00eame que la prise en compte particuli\u00e8rement attentive des souhaits individuels de nos clients, la production sur liste et les diff\u00e9rentes essences et leurs combinaisons (par ex. \u00e9pic\u00e9a\/m\u00e9l\u00e8ze, madriers \u00ab rondins \u00bb) fait partie de nos points forts.[\/vc_column_text][vc_column_text css=\u00a0\u00bb.vc_custom_1652168056629{margin-bottom: 0px !important;padding-bottom: 0px !important;}\u00a0\u00bb]<\/p>\n<h3>Certification PEFC<\/h3>\n<p>[\/vc_column_text][vc_column_text]<img loading=\"lazy\" decoding=\"async\" class=\"alignright wp-image-35348\" src=\"https:\/\/www.weinberger-holz.at\/wp-content\/uploads\/pefc-label-pefc06-34-158-logo-BLACK-WEB.png\" alt=\"PEFC-Weinberger\" width=\"80\" height=\"100\" \/>Notre bois de sciage est certifi\u00e9 PEFC \u00e0 100 % \u2013 pour soutenir et garantir une gestion durable des for\u00eats.[\/vc_column_text][vc_column_text css=\u00a0\u00bb.vc_custom_1508941476949{margin-bottom: 0px !important;padding-bottom: 0px !important;}\u00a0\u00bb]<\/p>\n<h3>Un aboutage horizontal et par entures<\/h3>\n<p>[\/vc_column_text][vc_column_text]Les atouts d\u2019un aboutage horizontal rel\u00e8vent de crit\u00e8res aussi bien esth\u00e9tiques que techniques. Nos clients du segment des chalets b\u00e9n\u00e9ficient en outre d\u2019un atout suppl\u00e9mentaire\u00a0: notre aboutage par entures.<br \/>\nAvantage\u00a0: l\u2019assemblage longitudinal, qui se r\u00e9sume \u00e0 un simple trait, ne se d\u00e9c\u00e8le que si l\u2019on y regarde \u00e0 deux fois.[\/vc_column_text][vc_column_text css=\u00a0\u00bb.vc_custom_1764320541702{margin-bottom: 0px !important;padding-bottom: 0px !important;}\u00a0\u00bb]<\/p>\n<h3>Certificat EPD pour tous les produits<\/h3>\n<p>[\/vc_column_text][vc_column_text css=\u00a0\u00bb\u00a0\u00bb]<img loading=\"lazy\" decoding=\"async\" class=\"alignright wp-image-46476\" src=\"https:\/\/www.weinberger-holz.at\/wp-content\/uploads\/\/EPD-356x200WEB-200x112.png\" alt=\"\" width=\"100\" height=\"56\" srcset=\"https:\/\/www.weinberger-holz.at\/wp-content\/uploads\/EPD-356x200WEB-200x112.png 200w, https:\/\/www.weinberger-holz.at\/wp-content\/uploads\/EPD-356x200WEB-300x169.png 300w, https:\/\/www.weinberger-holz.at\/wp-content\/uploads\/EPD-356x200WEB.png 356w\" sizes=\"auto, (max-width: 100px) 100vw, 100px\" \/>Avec la certification EPD (Environmental Product Declaration ou d\u00e9claration environnementale de produit) pour tous ses produits, Weinberger envoie plusieurs messages \u00e0 la fois. D\u2019une part, nous apportons ainsi une contribution suppl\u00e9mentaire \u00e0 un avenir durable pour les g\u00e9n\u00e9rations futures. D\u2019autre part, nous fournissons \u00e0 nos clients des arguments cr\u00e9dibles pour leur communication environnementale aupr\u00e8s de sa propre client\u00e8le. En effet, la d\u00e9claration environnementale de produit, qui sert de base aux \u00e9valuations des produits tout au long de leur cycle de vie, \u00e0 la fois pour les mat\u00e9riaux de construction et les b\u00e2timents, repose sur des normes internationales et sur une \u00e9valuation objective r\u00e9alis\u00e9e par des tiers. En d\u2019autres termes : une v\u00e9ritable protection de l\u2019environnement plut\u00f4t qu\u2019un simple greenwashing.[\/vc_column_text][vc_column_text css=\u00a0\u00bb.vc_custom_1575641071591{margin-bottom: 0px !important;padding-bottom: 0px !important;}\u00a0\u00bb]<\/p>\n<h3>Collage conforme CE du m\u00e9l\u00e8ze avec un primer<\/h3>\n<p>[\/vc_column_text][vc_column_text css=\u00a0\u00bb\u00a0\u00bb]<img loading=\"lazy\" decoding=\"async\" class=\"alignright wp-image-19550\" src=\"https:\/\/www.weinberger-holz.at\/wp-content\/uploads\/\/CE-FR-200x200.png\" alt=\"\" width=\"100\" height=\"100\" srcset=\"https:\/\/www.weinberger-holz.at\/wp-content\/uploads\/CE-FR.png 200w, https:\/\/www.weinberger-holz.at\/wp-content\/uploads\/CE-FR-768x768.png 768w, https:\/\/www.weinberger-holz.at\/wp-content\/uploads\/CE-FR-570x570.png 570w, https:\/\/www.weinberger-holz.at\/wp-content\/uploads\/CE-FR-60x60.png 60w\" sizes=\"auto, (max-width: 100px) 100vw, 100px\" \/>Pour accro\u00eetre tr\u00e8s sensiblement la qualit\u00e9 du collage du m\u00e9l\u00e8ze, nous sommes l\u2019un des rares industriels du bois \u00e0 utiliser un primer, r\u00e9duisant ainsi les d\u00e9collements dus \u00e0 des intemp\u00e9ries intenses.[\/vc_column_text][vc_column_text css=\u00a0\u00bb.vc_custom_1508941526394{margin-bottom: 0px !important;padding-bottom: 0px !important;}\u00a0\u00bb]<\/p>\n<h3>Un rabotage de pr\u00e9cision r\u00e9alis\u00e9 \u00e0 l\u2019aide d\u2019outils sp\u00e9ciaux<\/h3>\n<p>[\/vc_column_text][vc_column_text]Jusqu\u2019ici, on utilisait des outils standards tels que les lames de rabots crant\u00e9es \u00e0 profiler. Toutefois, la g\u00e9om\u00e9trie de ces lames de rabot se modifie \u00e0 chaque aff\u00fbtage. Ce ph\u00e9nom\u00e8ne entra\u00eene des variations non seulement de l\u2019angle, mais aussi de la pr\u00e9cision et de la solidit\u00e9 de l\u2019assemblage entre rainure et languette. Notre nouvelle g\u00e9n\u00e9ration d\u2019outils se base sur un syst\u00e8me r\u00e9volutionnaire qui emp\u00eache les impr\u00e9cisions. Nos clients appr\u00e9cient donc la pr\u00e9cision absolue de nos madriers chalets \u2013 ind\u00e9pendamment du lot et de la date de fabrication \u2013 et leur capacit\u00e9 \u00e0 \u00eatre tous combin\u00e9s les uns avec les autres. [\/vc_column_text][vc_column_text css=\u00a0\u00bb.vc_custom_1508941545958{margin-bottom: 0px !important;padding-bottom: 0px !important;}\u00a0\u00bb]<\/p>\n<h3>Une diversit\u00e9 de surfaces infinie<\/h3>\n<p>[\/vc_column_text][vc_column_text]Les souhaits de nos clients sont pour nous plus qu\u2019une commande : une obligation. C\u2019est pourquoi nous proposons un \u00e9ventail de surfaces pratiquement illimit\u00e9 : m\u00e9l\u00e8ze, bois thermo-trait\u00e9 ou encore de bois \u00e9tuv\u00e9, rabot\u00e9, bross\u00e9 ou hach\u00e9. Ainsi, par exemple, nous obtenons une surface d\u2019aspect rustique ou antique en soumettant nos madriers Bilam et Trilam \u00e0 un proc\u00e9d\u00e9 d\u2019\u00e9tuvage sp\u00e9cial. Le hachage et le brossage conf\u00e8rent quant \u00e0 eux une esth\u00e9tique particuli\u00e8re notamment appr\u00e9ci\u00e9e des utilisateurs finaux pour les maisons en rondins.[\/vc_column_text][vc_column_text css=\u00a0\u00bb.vc_custom_1508941573362{margin-bottom: 0px !important;padding-bottom: 0px !important;}\u00a0\u00bb]<\/p>\n<h3>Un collage sans formald\u00e9hydes<\/h3>\n<p>[\/vc_column_text][vc_column_text]<img loading=\"lazy\" decoding=\"async\" class=\"alignright wp-image-19538\" src=\"https:\/\/www.weinberger-holz.at\/wp-content\/uploads\/\/Label-Formaldehydfrei-FR-200-200x200.png\" alt=\"\" width=\"100\" height=\"100\" srcset=\"https:\/\/www.weinberger-holz.at\/wp-content\/uploads\/Label-Formaldehydfrei-FR-200.png 200w, https:\/\/www.weinberger-holz.at\/wp-content\/uploads\/Label-Formaldehydfrei-FR-200-768x768.png 768w, https:\/\/www.weinberger-holz.at\/wp-content\/uploads\/Label-Formaldehydfrei-FR-200-570x570.png 570w, https:\/\/www.weinberger-holz.at\/wp-content\/uploads\/Label-Formaldehydfrei-FR-200-60x60.png 60w\" sizes=\"auto, (max-width: 100px) 100vw, 100px\" \/>Le bois est un produit naturel et il doit le rester. <strong>Voil\u00e0 pourquoi nous utilisons exclusivement des colles exemptes de formald\u00e9hydes.<\/strong> Ceci signifie qu\u2019en mati\u00e8re d\u2019\u00e9missions, nous laissons le bois tel que la nature l\u2019a cr\u00e9\u00e9. Il va de soi que nous satisfaisons \u00e9galement dans cette d\u00e9marche \u00e0 toutes les v\u00e9rifications et certifications.[\/vc_column_text][\/vc_column][vc_column width=\u00a0\u00bb1\/3&Prime;][vc_empty_space height=\u00a0\u00bb25&Prime;][\/vc_column][\/vc_row]<\/p>\n<\/div>","protected":false},"excerpt":{"rendered":"<p>[vc_row type=\u00a0\u00bbfull-width-content\u00a0\u00bb css=\u00a0\u00bb.vc_custom_1504010577304{margin-bottom: 0px !important;}\u00a0\u00bb][vc_column][vc_empty_space height=\u00a0\u00bb5&Prime;][layerslider_vc id=\u00a0\u00bb2&Prime;][\/vc_column][\/vc_row][vc_row type=\u00a0\u00bbfull-width-section\u00a0\u00bb css=\u00a0\u00bb.vc_custom_1504010545873{margin-top: 0px !important;padding-top: 15px !important;padding-bottom: 15px !important;background-color: #803026 !important;}\u00a0\u00bb][vc_column][vc_column_text] Effets sp\u00e9ciaux\u00a0: vue d\u2019ensemble [\/vc_column_text][\/vc_column][\/vc_row][vc_row equal_height=\u00a0\u00bbyes\u00a0\u00bb content_placement=\u00a0\u00bbbottom\u00a0\u00bb][vc_column width=\u00a0\u00bb2\/3&Prime;][vc_column_text font_size=\u00a0\u00bb20&Prime; line_height=\u00a0\u00bb26&Prime;]Entreprise de haute technologie, nous innovons r\u00e9guli\u00e8rement en nous appuyant sur une recherche syst\u00e9matique et mettons au point des produits sp\u00e9ciaux qui nous ont \u00e0 plusieurs reprises fait passer<\/p>\n","protected":false},"author":1,"featured_media":0,"parent":0,"menu_order":0,"comment_status":"closed","ping_status":"closed","template":"","meta":{"_acf_changed":false,"_relevanssi_hide_post":"","_relevanssi_hide_content":"","_relevanssi_pin_for_all":"","_relevanssi_pin_keywords":"","_relevanssi_unpin_keywords":"","_relevanssi_related_keywords":"","_relevanssi_related_include_ids":"","_relevanssi_related_exclude_ids":"","_relevanssi_related_no_append":"","_relevanssi_related_not_related":"","_relevanssi_related_posts":"","_relevanssi_noindex_reason":"","footnotes":""},"class_list":["post-19700","page","type-page","status-publish","hentry"],"acf":[],"_links":{"self":[{"href":"https:\/\/www.weinberger-holz.at\/fr\/wp-json\/wp\/v2\/pages\/19700","targetHints":{"allow":["GET"]}}],"collection":[{"href":"https:\/\/www.weinberger-holz.at\/fr\/wp-json\/wp\/v2\/pages"}],"about":[{"href":"https:\/\/www.weinberger-holz.at\/fr\/wp-json\/wp\/v2\/types\/page"}],"author":[{"embeddable":true,"href":"https:\/\/www.weinberger-holz.at\/fr\/wp-json\/wp\/v2\/users\/1"}],"replies":[{"embeddable":true,"href":"https:\/\/www.weinberger-holz.at\/fr\/wp-json\/wp\/v2\/comments?post=19700"}],"version-history":[{"count":12,"href":"https:\/\/www.weinberger-holz.at\/fr\/wp-json\/wp\/v2\/pages\/19700\/revisions"}],"predecessor-version":[{"id":47438,"href":"https:\/\/www.weinberger-holz.at\/fr\/wp-json\/wp\/v2\/pages\/19700\/revisions\/47438"}],"wp:attachment":[{"href":"https:\/\/www.weinberger-holz.at\/fr\/wp-json\/wp\/v2\/media?parent=19700"}],"curies":[{"name":"wp","href":"https:\/\/api.w.org\/{rel}","templated":true}]}}