{"id":19708,"date":"2017-09-11T09:49:06","date_gmt":"2017-09-11T07:49:06","guid":{"rendered":"https:\/\/www2.weinberger-holz.at\/typisch-holz\/"},"modified":"2026-04-23T12:55:09","modified_gmt":"2026-04-23T10:55:09","slug":"typisch-holz","status":"publish","type":"page","link":"https:\/\/www.weinberger-holz.at\/fr\/typisch-holz\/","title":{"rendered":"Typiquement bois"},"content":{"rendered":"<div class=\"wpb-content-wrapper\"><p>[vc_row type=\u00a0\u00bbfull-width-content\u00a0\u00bb css=\u00a0\u00bb.vc_custom_1504010577304{margin-bottom: 0px !important;}\u00a0\u00bb][vc_column][vc_empty_space height=\u00a0\u00bb5&Prime;][layerslider_vc id=\u00a0\u00bb2&Prime;][\/vc_column][\/vc_row][vc_row type=\u00a0\u00bbfull-width-section\u00a0\u00bb css=\u00a0\u00bb.vc_custom_1504010545873{margin-top: 0px !important;padding-top: 15px !important;padding-bottom: 15px !important;background-color: #803026 !important;}\u00a0\u00bb][vc_column][vc_column_text]<\/p>\n<h1><span style=\"color: #ffffff;\">Le bois \u2013 la fibre du succ\u00e8s<\/span><\/h1>\n<p>[\/vc_column_text][\/vc_column][\/vc_row][vc_row equal_height=\u00a0\u00bbyes\u00a0\u00bb content_placement=\u00a0\u00bbbottom\u00a0\u00bb][vc_column width=\u00a0\u00bb2\/3&Prime;][vc_column_text font_size=\u00a0\u00bb20&Prime; line_height=\u00a0\u00bb26&Prime;]<span style=\"color: #803026;\">Le bois offre des possibilit\u00e9s d\u2019utilisation illimit\u00e9es. Meubles, maisons, hangars, ponts ou tours\u00a0: le bois accompagne l\u2019\u00eatre humain depuis plusieurs milliers d\u2019ann\u00e9es. Et ce n\u2019est pas un hasard. En effet, le bois poss\u00e8de par rapport aux autres mat\u00e9riaux de construction des atouts incontestables. Quelques exemples\u00a0:<\/span>[\/vc_column_text][vc_column_text css=\u00a0\u00bb.vc_custom_1776941680328{margin-bottom: 0px !important;padding-bottom: 0px !important;}\u00a0\u00bb]<\/p>\n<h3>Stockage de CO<sub>2<\/sub> \u2013 sur la dur\u00e9e de vie du b\u00e2timent<\/h3>\n<p>[\/vc_column_text][vc_column_text]L\u2019utilisation d\u2019un m\u00e8tre cube de \u00ab\u00a0Weinberger, le meilleur du bois.\u00a0\u00bb dans un b\u00e2timent g\u00e9n\u00e8re le stockage d\u2019une tonne de CO<sub>2<\/sub>.<br \/>\nC\u2019est l\u2019une des raisons pour lesquelles primolam r\u00e9pond aux directives de construction actuelles sur le CO<sub>2<\/sub> pour la construction de b\u00e2timents publics telles qu\u2019il en existe dans de nombreux pays et dont certaines ont m\u00eame force de loi.[\/vc_column_text][vc_column_text css=\u00a0\u00bb.vc_custom_1508942080148{margin-bottom: 0px !important;padding-bottom: 0px !important;}\u00a0\u00bb]<\/p>\n<h3>Propri\u00e9t\u00e9s anti-vieillissement<\/h3>\n<p>[\/vc_column_text][vc_column_text]Correctement prot\u00e9g\u00e9 des intemp\u00e9ries, le bois ne vieillit pas. C\u2019est pourquoi, entretenu de mani\u00e8re ad\u00e9quate, il contribue \u00e0 pr\u00e9server durablement la valeur d\u2019une maison. Les vieilles maisons \u00e0 colombages du XIIIe si\u00e8cle en sont un parfait exemple.[\/vc_column_text][vc_column_text css=\u00a0\u00bb.vc_custom_1508942101760{margin-bottom: 0px !important;padding-bottom: 0px !important;}\u00a0\u00bb]<\/p>\n<h3>Grande capacit\u00e9 de r\u00e9tention de la chaleur<\/h3>\n<p>[\/vc_column_text][vc_column_text]Sa structure cellulaire particuli\u00e8re fait du bois un mauvais conducteur thermique. Il convient donc particuli\u00e8rement bien comme isolation thermique tout en garantissant une chaleur douillette et un grand confort.[\/vc_column_text][vc_column_text css=\u00a0\u00bb.vc_custom_1508942127973{margin-bottom: 0px !important;padding-bottom: 0px !important;}\u00a0\u00bb]<\/p>\n<h3>Meilleure r\u00e9sistance au feu<\/h3>\n<p>[\/vc_column_text][vc_column_text]Avec une protection incendie correctement int\u00e9gr\u00e9e \u00e0 la construction, les structures en bois r\u00e9sistent par exemple plus longtemps en cas d\u2019incendie que les poutres en acier ou les structures en b\u00e9ton.[\/vc_column_text][vc_column_text css=\u00a0\u00bb.vc_custom_1575632905308{margin-bottom: 0px !important;padding-bottom: 0px !important;}\u00a0\u00bb]<\/p>\n<h3>R\u00e9sistance maximale aux tremblements de terre<\/h3>\n<p>[\/vc_column_text][vc_column_text]Le bois \u00e9tant tr\u00e8s l\u00e9ger, les forces qui agissent sur la structure porteuse du b\u00e2timent sont plus faibles lorsqu\u2019un tremblement de terre se produit. Il poss\u00e8de \u00e9galement une grande \u00e9lasticit\u00e9 et peut donc mieux absorber les ondes sismiques.[\/vc_column_text][vc_column_text css=\u00a0\u00bb.vc_custom_1508942151823{margin-bottom: 0px !important;padding-bottom: 0px !important;}\u00a0\u00bb]<\/p>\n<h3>Ressource renouvelable<\/h3>\n<p>[\/vc_column_text][vc_column_text]Le bois repousse. Il constitue donc une source de mati\u00e8re premi\u00e8re in\u00e9puisable et poss\u00e8de en outre un \u00e9cobilan positif impressionnant.[\/vc_column_text][\/vc_column][vc_column width=\u00a0\u00bb1\/3&Prime;][vc_empty_space height=\u00a0\u00bb25&Prime;][vc_column_text css=\u00a0\u00bb.vc_custom_1510398130726{border-left-width: 2px !important;padding-left: 10px !important;border-left-color: #803026 !important;border-left-style: solid !important;}\u00a0\u00bb font_size=\u00a0\u00bb20&Prime; line_height=\u00a0\u00bb26&Prime;]<span style=\"color: #803026;\">Voici quelques-uns des atouts du bois comme mat\u00e9riau de construction. Chez nous, le bois se voit de surcro\u00eet conf\u00e9rer d\u2019autres qualit\u00e9s particuli\u00e8res. <a class=\"unterstreichen-dashed\" href=\"https:\/\/www.weinberger-holz.at\/fr\/special-effects-im-ueberblick\/\">Mais lisez plut\u00f4t<\/a>\u00a0!<\/span>[\/vc_column_text][\/vc_column][\/vc_row]<\/p>\n<\/div>","protected":false},"excerpt":{"rendered":"<p>[vc_row type=\u00a0\u00bbfull-width-content\u00a0\u00bb css=\u00a0\u00bb.vc_custom_1504010577304{margin-bottom: 0px !important;}\u00a0\u00bb][vc_column][vc_empty_space height=\u00a0\u00bb5&Prime;][layerslider_vc id=\u00a0\u00bb2&Prime;][\/vc_column][\/vc_row][vc_row type=\u00a0\u00bbfull-width-section\u00a0\u00bb css=\u00a0\u00bb.vc_custom_1504010545873{margin-top: 0px !important;padding-top: 15px !important;padding-bottom: 15px !important;background-color: #803026 !important;}\u00a0\u00bb][vc_column][vc_column_text] Le bois \u2013 la fibre du succ\u00e8s [\/vc_column_text][\/vc_column][\/vc_row][vc_row equal_height=\u00a0\u00bbyes\u00a0\u00bb content_placement=\u00a0\u00bbbottom\u00a0\u00bb][vc_column width=\u00a0\u00bb2\/3&Prime;][vc_column_text font_size=\u00a0\u00bb20&Prime; line_height=\u00a0\u00bb26&Prime;]Le bois offre des possibilit\u00e9s d\u2019utilisation illimit\u00e9es. Meubles, maisons, hangars, ponts ou tours\u00a0: le bois accompagne l\u2019\u00eatre humain depuis plusieurs milliers d\u2019ann\u00e9es. Et ce n\u2019est pas<\/p>\n","protected":false},"author":1,"featured_media":0,"parent":0,"menu_order":0,"comment_status":"closed","ping_status":"closed","template":"","meta":{"_acf_changed":false,"_relevanssi_hide_post":"","_relevanssi_hide_content":"","_relevanssi_pin_for_all":"","_relevanssi_pin_keywords":"","_relevanssi_unpin_keywords":"","_relevanssi_related_keywords":"","_relevanssi_related_include_ids":"","_relevanssi_related_exclude_ids":"","_relevanssi_related_no_append":"","_relevanssi_related_not_related":"","_relevanssi_related_posts":"","_relevanssi_noindex_reason":"","footnotes":""},"class_list":["post-19708","page","type-page","status-publish","hentry"],"acf":[],"_links":{"self":[{"href":"https:\/\/www.weinberger-holz.at\/fr\/wp-json\/wp\/v2\/pages\/19708","targetHints":{"allow":["GET"]}}],"collection":[{"href":"https:\/\/www.weinberger-holz.at\/fr\/wp-json\/wp\/v2\/pages"}],"about":[{"href":"https:\/\/www.weinberger-holz.at\/fr\/wp-json\/wp\/v2\/types\/page"}],"author":[{"embeddable":true,"href":"https:\/\/www.weinberger-holz.at\/fr\/wp-json\/wp\/v2\/users\/1"}],"replies":[{"embeddable":true,"href":"https:\/\/www.weinberger-holz.at\/fr\/wp-json\/wp\/v2\/comments?post=19708"}],"version-history":[{"count":9,"href":"https:\/\/www.weinberger-holz.at\/fr\/wp-json\/wp\/v2\/pages\/19708\/revisions"}],"predecessor-version":[{"id":47425,"href":"https:\/\/www.weinberger-holz.at\/fr\/wp-json\/wp\/v2\/pages\/19708\/revisions\/47425"}],"wp:attachment":[{"href":"https:\/\/www.weinberger-holz.at\/fr\/wp-json\/wp\/v2\/media?parent=19708"}],"curies":[{"name":"wp","href":"https:\/\/api.w.org\/{rel}","templated":true}]}}