{"id":20482,"date":"2017-09-08T09:36:35","date_gmt":"2017-09-08T07:36:35","guid":{"rendered":"https:\/\/www2.weinberger-holz.at\/downloads-bilder\/"},"modified":"2025-02-19T13:04:07","modified_gmt":"2025-02-19T12:04:07","slug":"downloads-bilder","status":"publish","type":"page","link":"https:\/\/www.weinberger-holz.at\/fr\/downloads-bilder\/","title":{"rendered":"T\u00e9l\u00e9chargements mat\u00e9riel d\u2019illustration pr\u00eat \u00e0 imprimer"},"content":{"rendered":"<div class=\"wpb-content-wrapper\"><p>[vc_row type=\u00a0\u00bbfull-width-section\u00a0\u00bb css=\u00a0\u00bb.vc_custom_1507102524211{margin-top: 25px !important;margin-bottom: 0px !important;padding-top: 15px !important;padding-bottom: 15px !important;background-color: #803026 !important;}\u00a0\u00bb][vc_column][vc_column_text font_size=\u00a0\u00bb25&Prime; line_height=\u00a0\u00bb30&Prime;]<\/p>\n<h3><span class=\"grossbuchstaben\" style=\"color: #ffffff;\"><i class=\"fa fa-download\" aria-hidden=\"true\"><\/i>&nbsp;&nbsp;T\u00c9L\u00c9CHARGEMENTS<br \/>\nMAT\u00c9RIEL D\u2019ILLUSTRATION PR\u00caT \u00c0 IMPRIMER<\/span><\/h3>\n<p>[\/vc_column_text][\/vc_column][\/vc_row][vc_row type=\u00a0\u00bbfull-width-section\u00a0\u00bb css=\u00a0\u00bb.vc_custom_1504009557960{margin-bottom: 0px !important;padding-top: 15px !important;}\u00a0\u00bb][vc_column css=\u00a0\u00bb.vc_custom_1504775990822{margin-bottom: 0px !important;padding-bottom: 0px !important;}\u00a0\u00bb][vc_column_text css=\u00a0\u00bb.vc_custom_1510317758632{margin-bottom: 0px !important;padding-bottom: 0px !important;}\u00a0\u00bb]<\/p>\n<h2 style=\"text-align: center;\">ESPACE SERVICE<\/h2>\n<p>[\/vc_column_text][vc_column_text]<\/p>\n<h3 style=\"text-align: center;\">pour les partenaires et la presse<\/h3>\n<p>[\/vc_column_text][vc_column_text]<\/p>\n<p style=\"text-align: center;\">Cliquez sur le bouton \u00ab\u00a0Banque d\u2019images\u00a0\u00bb<br \/>\net entrez le mot de passe qui vous a \u00e9t\u00e9 communiqu\u00e9.<br \/>\nDe cette mani\u00e8re, vous acceptez les conditions d\u2019utilisation obligatoires pour l\u2019emploi des donn\u00e9es.<br \/>\n<strong>Chaque acc\u00e8s est consign\u00e9. <span class=\"nobr\">Votre adresse IP est la suivante :<\/span><br \/>\n<span style=\"color: #ff0000;\">216.73.217.131 \/ 03.05.2026 11:56:02<\/span><\/strong><\/p>\n<p>[\/vc_column_text][vc_column_text]<\/p>\n<p style=\"text-align: center;\"><a class=\"btn-weinbergerblog\" href=\"https:\/\/www.weinberger-holz.at\/fr\/downloads-bilder-geschuetzter-bereich\/\" rel=\"noopener\"><i class=\"fa fa-lock\"><\/i>\u00a0\u00a0Banque d\u2019images<\/a><\/p>\n<p>[\/vc_column_text][vc_column_text]<\/p>\n<p style=\"text-align: center;\" align=\"center\">Si vous ne connaissez pas votre mot de passe, vous pouvez le demander ici\u00a0:<\/p>\n<p>[\/vc_column_text][vc_empty_space height=\u00a0\u00bb10px\u00a0\u00bb][\/vc_column][\/vc_row][vc_row][vc_column width=\u00a0\u00bb1\/4&Prime;][\/vc_column][vc_column width=\u00a0\u00bb1\/2&Prime;][vc_raw_html]JTNDZGl2JTIwaWQlM0QlMjJtZl9wbGFjZWhvbGRlciUyMiUyMCUwQSUyMCUyMCUyMCUyMCUyMGRhdGEtZm9ybXVybCUzRCUyMiUyRiUyRnd3dy53ZWluYmVyZ2VyLWhvbHouYXQlMkZ3ZWJmb3JtJTJGZW1iZWQucGhwJTNGaWQlM0QxMTE0NCUyMiUyMCUwQSUyMCUyMCUyMCUyMCUyMGRhdGEtZm9ybWhlaWdodCUzRCUyMjcyMyUyMiUyMCUyMCUwQSUyMCUyMCUyMCUyMCUyMGRhdGEtcGFkZGluZ2JvdHRvbSUzRCUyMjEwJTIyJTNFJTBBJTNDJTJGZGl2JTNFJTBBJTNDc2NyaXB0JTNFJTBBJTA5JTI4ZnVuY3Rpb24lMjhmJTJDbyUyQ3IlMkNtJTI5JTdCJTBBJTA5JTA5ciUzRGYuY3JlYXRlRWxlbWVudCUyOCUyN3NjcmlwdCUyNyUyOSUzQnIuYXN5bmMlM0QxJTNCci5zcmMlM0RvJTJCJTI3anMlMkZtZi5qcyUyNyUzQiUwQSUwOSUwOW0lM0RmLmdldEVsZW1lbnRCeUlkJTI4JTI3bWZfcGxhY2Vob2xkZXIlMjclMjklM0IlMjBtLnBhcmVudE5vZGUuaW5zZXJ0QmVmb3JlJTI4ciUyQyUyMG0lMjklM0IlMEElMDklN0QlMjklMjhkb2N1bWVudCUyQyUyNyUyRiUyRnd3dy53ZWluYmVyZ2VyLWhvbHouYXQlMkZ3ZWJmb3JtJTJGJTI3JTI5JTNCJTBBJTNDJTJGc2NyaXB0JTNF[\/vc_raw_html][vc_empty_space][\/vc_column][vc_column width=\u00a0\u00bb1\/4&Prime;][\/vc_column][\/vc_row]<\/p>\n<\/div>","protected":false},"excerpt":{"rendered":"<p>[vc_row type=\u00a0\u00bbfull-width-section\u00a0\u00bb css=\u00a0\u00bb.vc_custom_1507102524211{margin-top: 25px !important;margin-bottom: 0px !important;padding-top: 15px !important;padding-bottom: 15px !important;background-color: #803026 !important;}\u00a0\u00bb][vc_column][vc_column_text font_size=\u00a0\u00bb25&Prime; line_height=\u00a0\u00bb30&Prime;] &nbsp;&nbsp;T\u00c9L\u00c9CHARGEMENTS MAT\u00c9RIEL D\u2019ILLUSTRATION PR\u00caT \u00c0 IMPRIMER [\/vc_column_text][\/vc_column][\/vc_row][vc_row type=\u00a0\u00bbfull-width-section\u00a0\u00bb css=\u00a0\u00bb.vc_custom_1504009557960{margin-bottom: 0px !important;padding-top: 15px !important;}\u00a0\u00bb][vc_column css=\u00a0\u00bb.vc_custom_1504775990822{margin-bottom: 0px !important;padding-bottom: 0px !important;}\u00a0\u00bb][vc_column_text css=\u00a0\u00bb.vc_custom_1510317758632{margin-bottom: 0px !important;padding-bottom: 0px !important;}\u00a0\u00bb] ESPACE SERVICE [\/vc_column_text][vc_column_text] pour les partenaires et la presse [\/vc_column_text][vc_column_text] Cliquez sur le bouton \u00ab\u00a0Banque d\u2019images\u00a0\u00bb et<\/p>\n","protected":false},"author":1,"featured_media":0,"parent":0,"menu_order":0,"comment_status":"closed","ping_status":"closed","template":"","meta":{"_acf_changed":false,"_relevanssi_hide_post":"","_relevanssi_hide_content":"","_relevanssi_pin_for_all":"","_relevanssi_pin_keywords":"","_relevanssi_unpin_keywords":"","_relevanssi_related_keywords":"","_relevanssi_related_include_ids":"","_relevanssi_related_exclude_ids":"","_relevanssi_related_no_append":"","_relevanssi_related_not_related":"","_relevanssi_related_posts":"","_relevanssi_noindex_reason":"","footnotes":""},"class_list":["post-20482","page","type-page","status-publish","hentry"],"acf":[],"_links":{"self":[{"href":"https:\/\/www.weinberger-holz.at\/fr\/wp-json\/wp\/v2\/pages\/20482","targetHints":{"allow":["GET"]}}],"collection":[{"href":"https:\/\/www.weinberger-holz.at\/fr\/wp-json\/wp\/v2\/pages"}],"about":[{"href":"https:\/\/www.weinberger-holz.at\/fr\/wp-json\/wp\/v2\/types\/page"}],"author":[{"embeddable":true,"href":"https:\/\/www.weinberger-holz.at\/fr\/wp-json\/wp\/v2\/users\/1"}],"replies":[{"embeddable":true,"href":"https:\/\/www.weinberger-holz.at\/fr\/wp-json\/wp\/v2\/comments?post=20482"}],"version-history":[{"count":8,"href":"https:\/\/www.weinberger-holz.at\/fr\/wp-json\/wp\/v2\/pages\/20482\/revisions"}],"predecessor-version":[{"id":24404,"href":"https:\/\/www.weinberger-holz.at\/fr\/wp-json\/wp\/v2\/pages\/20482\/revisions\/24404"}],"wp:attachment":[{"href":"https:\/\/www.weinberger-holz.at\/fr\/wp-json\/wp\/v2\/media?parent=20482"}],"curies":[{"name":"wp","href":"https:\/\/api.w.org\/{rel}","templated":true}]}}