{"id":20368,"date":"2017-09-11T11:49:23","date_gmt":"2017-09-11T09:49:23","guid":{"rendered":"https:\/\/www2.weinberger-holz.at\/best-of-holz-produkte-und-highlights\/"},"modified":"2026-04-28T14:21:28","modified_gmt":"2026-04-28T12:21:28","slug":"best-of-holz-produkte-und-highlights","status":"publish","type":"page","link":"https:\/\/www.weinberger-holz.at\/it\/best-of-holz-produkte-und-highlights\/","title":{"rendered":"Il meglio del legno \u2013 prodotti e highlight"},"content":{"rendered":"<div class=\"wpb-content-wrapper\"><p>[vc_row type=&#8221;full-width-content&#8221; css=&#8221;.vc_custom_1504010577304{margin-bottom: 0px !important;}&#8221;][vc_column][vc_empty_space height=&#8221;5&#8243;][layerslider_vc id=&#8221;2&#8243;][\/vc_column][\/vc_row][vc_row type=&#8221;full-width-section&#8221; css=&#8221;.vc_custom_1504010545873{margin-top: 0px !important;padding-top: 15px !important;padding-bottom: 15px !important;background-color: #803026 !important;}&#8221;][vc_column][vc_column_text]<\/p>\n<h1><span style=\"color: #ffffff;\">Il meglio del legno \u2013 prodotti e highlight<\/span><\/h1>\n<p>[\/vc_column_text][\/vc_column][\/vc_row][vc_row equal_height=&#8221;yes&#8221; content_placement=&#8221;bottom&#8221;][vc_column width=&#8221;2\/3&#8243;][vc_column_text css=&#8221;&#8221; font_size=&#8221;20&#8243; line_height=&#8221;26&#8243;]<span style=\"color: #803026;\">Di regola il metro di misura decisivo per i nostri prodotti \u00e8 la qualit. Per questa ragione utilizziamo esclusivamente legno di provenienza alpina di fibra fine, proveniente da 900 a 1.700 metri s.l.m. &#8230;<\/span>[\/vc_column_text][vc_column_text css=&#8221;&#8221;]<\/p>\n<ul>\n<li>\n<h3><a href=\"https:\/\/www.weinberger-holz.at\/it\/brettschichtholz\/\">legno lamellare per la moderna edilizia in legno<\/a><\/h3>\n<\/li>\n<li>\n<h3><a href=\"https:\/\/www.weinberger-holz.at\/it\/balkenschichtholz\/\">legno massiccio incollato (bilama\/trilama) nell\u2019ambito della qualit\u00e0 a vista<\/a><\/h3>\n<\/li>\n<li>\n<h3><a href=\"https:\/\/www.weinberger-holz.at\/it\/duo-konstruktionsholz\/\">legno da costruzione Duo in qualit\u00e0 industriale<\/a><\/h3>\n<\/li>\n<li>\n<h3><a href=\"https:\/\/www.weinberger-holz.at\/it\/konstruktionsvollholz\/\">legno massiccio strutturale in qualit\u00e0 a vista<\/a><\/h3>\n<\/li>\n<li>\n<h3><a href=\"https:\/\/www.weinberger-holz.at\/it\/deckenelemente\/\">elementi per solai con sistema a mortasa e tenone piallato<\/a><\/h3>\n<\/li>\n<li>\n<h3><a href=\"https:\/\/www.weinberger-holz.at\/it\/blockhausbohlen\/\">travi per Blockhaus in diversi tipi di legno e spessori<\/a><\/h3>\n<\/li>\n<li>\n<h3><a href=\"https:\/\/www.weinberger-holz.at\/it\/bilam-forte\/\">Bilam forte, le travi senza assestamento misurabile per Blockhaus<\/a><\/h3>\n<\/li>\n<li>\n<h3><a href=\"https:\/\/www.weinberger-holz.at\/it\/primolam\/\">primolam \u2013 sistema in legno lamellare a strati incrociati di pareti e solai<\/a><\/h3>\n<\/li>\n<\/ul>\n<p>[\/vc_column_text][vc_column_text css=&#8221;&#8221;]Inoltre i nostri pi\u00f9 di 100 assortimenti includono varie qualit\u00e0 e diversi tipi di legno che possiamo fornire in modo flessibile e veloce. Gi\u00e0 con questa rigida preselezione nell\u2019ambito dei materiali, ci distinguiamo nettamente dai nostri concorrenti. Poich\u00e9 ci concentriamo su prodotti speciali assolutamente pregiati, possiamo tranquillamente affermare di essere i primi e gli unici in alcuni settori.[\/vc_column_text][vc_column_text css=&#8221;.vc_custom_1776069305286{margin-bottom: 0px !important;padding-bottom: 0px !important;}&#8221;]<\/p>\n<h3>Legno lamellare di larice<\/h3>\n<p>[\/vc_column_text][vc_column_text css=&#8221;&#8221;]A causa dell\u2019aumento della domanda, abbiamo ampliato la nostra gamma di prodotti e offriamo legno lamellare non solo in abete rosso, ma anche in larice. Realizzato con materie prime di alta qualit\u00e0, lavorato con cura e garantito privo di formaldeide.[\/vc_column_text][vc_column_text css=&#8221;.vc_custom_1777296077080{margin-bottom: 0px !important;padding-bottom: 0px !important;}&#8221;]<\/p>\n<h3>Tavole per Blockhaus incollate, in una vasta gamma di profili, tipi e combinazioni di legno<\/h3>\n<p>[\/vc_column_text][vc_column_text]Produciamo le nostre travi per Blockhaus da legno austriaco fuori cuore, che per gli interni viene essiccato a un\u2019umidit\u00e0 del legno conforme alle norme. Un punto di forza ottico delle nostre travi Blockhaus \u00e8 che sul lato esterno della giunzione longitudinale si vede solo una linea diritta. Questo effetto ottico esclusivo \u00e8 dato, appunto, dalle giunzioni a pettine con battuta. Mediante un attrezzo speciale viene creato un profilo scanalato ed elastico che presenta una precisione di 1\/100. Il grande vantaggio: si possono unire senza problemi travi con i pi\u00f9 diversi carichi di produzione.<\/p>\n<p><strong>Una delle nostre principali caratteristiche di qualit\u00e0 \u00e8 la fedelt\u00e0 al profilo.<\/strong> Perci\u00f2, a maggior ragione, \u00e8 importante capire che cosa si intenda per fedelt\u00e0 al profilo. La spiegazione \u00e8 semplicissima: immaginatevi di creare un profilo con un coltello, dopo un po\u2019 di tempo, il coltello non taglia pi\u00f9, quindi si deve affilare. L\u2019affilatura del coltello ne modifica, per\u00f2, la forma, quindi anche il profilo. Per evitare che ci\u00f2 accada, l\u2019unica soluzione \u00e8 sostituire il coltello. \u00c8 proprio questo che facciamo da Weinberger. Per garantire in questo modo e attraverso uno stoccaggio corretto con una umidit\u00e0 del legno invariata una fedelt\u00e0 assoluta del profilo.[\/vc_column_text][vc_column_text css=&#8221;.vc_custom_1777296105078{margin-bottom: 0px !important;padding-bottom: 0px !important;}&#8221;]<\/p>\n<h3>Legno lamellare e legno da costruzione Duo, nonch\u00e9 primolam &amp; Co \u2013 tutto da un unico fornitore<\/h3>\n<p>[\/vc_column_text][vc_column_text css=&#8221;&#8221;]La nostra filosofia della qualit\u00e0 si basa anche sul fatto di offrire ad ogni cliente, in settori selezionati, tutto presso un unico fornitore. Per questo anche il nostro legno lamellare raggiunge nelle sue caratteristiche quasi la qualit\u00e0 del bilama\/trilama. Insieme alle travi bilama e trilama, al primolam e al nostro legno da costruzione Duo, siamo perci\u00f2 in grado di fornire tutti i prodotti in legno per le costruzioni edili realizzate in legno.[\/vc_column_text][\/vc_column][vc_column width=&#8221;1\/3&#8243;][vc_empty_space height=&#8221;25&#8243;][\/vc_column][\/vc_row]<\/p>\n<\/div>","protected":false},"excerpt":{"rendered":"<p>[vc_row type=&#8221;full-width-content&#8221; css=&#8221;.vc_custom_1504010577304{margin-bottom: 0px !important;}&#8221;][vc_column][vc_empty_space height=&#8221;5&#8243;][layerslider_vc id=&#8221;2&#8243;][\/vc_column][\/vc_row][vc_row type=&#8221;full-width-section&#8221; css=&#8221;.vc_custom_1504010545873{margin-top: 0px !important;padding-top: 15px !important;padding-bottom: 15px !important;background-color: #803026 !important;}&#8221;][vc_column][vc_column_text] Il meglio del legno \u2013 prodotti e highlight [\/vc_column_text][\/vc_column][\/vc_row][vc_row equal_height=&#8221;yes&#8221; content_placement=&#8221;bottom&#8221;][vc_column width=&#8221;2\/3&#8243;][vc_column_text css=&#8221;&#8221; font_size=&#8221;20&#8243; line_height=&#8221;26&#8243;]Di regola il metro di misura decisivo per i nostri prodotti \u00e8 la qualit. Per questa ragione utilizziamo esclusivamente legno di provenienza alpina di<\/p>\n","protected":false},"author":1,"featured_media":0,"parent":0,"menu_order":0,"comment_status":"closed","ping_status":"closed","template":"","meta":{"_acf_changed":false,"_relevanssi_hide_post":"","_relevanssi_hide_content":"","_relevanssi_pin_for_all":"","_relevanssi_pin_keywords":"","_relevanssi_unpin_keywords":"","_relevanssi_related_keywords":"","_relevanssi_related_include_ids":"","_relevanssi_related_exclude_ids":"","_relevanssi_related_no_append":"","_relevanssi_related_not_related":"","_relevanssi_related_posts":"","_relevanssi_noindex_reason":"","footnotes":""},"class_list":["post-20368","page","type-page","status-publish","hentry"],"acf":[],"_links":{"self":[{"href":"https:\/\/www.weinberger-holz.at\/it\/wp-json\/wp\/v2\/pages\/20368","targetHints":{"allow":["GET"]}}],"collection":[{"href":"https:\/\/www.weinberger-holz.at\/it\/wp-json\/wp\/v2\/pages"}],"about":[{"href":"https:\/\/www.weinberger-holz.at\/it\/wp-json\/wp\/v2\/types\/page"}],"author":[{"embeddable":true,"href":"https:\/\/www.weinberger-holz.at\/it\/wp-json\/wp\/v2\/users\/1"}],"replies":[{"embeddable":true,"href":"https:\/\/www.weinberger-holz.at\/it\/wp-json\/wp\/v2\/comments?post=20368"}],"version-history":[{"count":12,"href":"https:\/\/www.weinberger-holz.at\/it\/wp-json\/wp\/v2\/pages\/20368\/revisions"}],"predecessor-version":[{"id":47522,"href":"https:\/\/www.weinberger-holz.at\/it\/wp-json\/wp\/v2\/pages\/20368\/revisions\/47522"}],"wp:attachment":[{"href":"https:\/\/www.weinberger-holz.at\/it\/wp-json\/wp\/v2\/media?parent=20368"}],"curies":[{"name":"wp","href":"https:\/\/api.w.org\/{rel}","templated":true}]}}