{"id":20376,"date":"2017-09-11T11:56:34","date_gmt":"2017-09-11T09:56:34","guid":{"rendered":"https:\/\/www2.weinberger-holz.at\/special-effects-im-ueberblick\/"},"modified":"2026-04-27T15:25:49","modified_gmt":"2026-04-27T13:25:49","slug":"special-effects-im-ueberblick","status":"publish","type":"page","link":"https:\/\/www.weinberger-holz.at\/it\/special-effects-im-ueberblick\/","title":{"rendered":"Effetti speciali in sintesi"},"content":{"rendered":"<div class=\"wpb-content-wrapper\"><p>[vc_row type=&#8221;full-width-content&#8221; css=&#8221;.vc_custom_1504010577304{margin-bottom: 0px !important;}&#8221;][vc_column][vc_empty_space height=&#8221;5&#8243;][layerslider_vc id=&#8221;2&#8243;][\/vc_column][\/vc_row][vc_row type=&#8221;full-width-section&#8221; css=&#8221;.vc_custom_1504010545873{margin-top: 0px !important;padding-top: 15px !important;padding-bottom: 15px !important;background-color: #803026 !important;}&#8221;][vc_column][vc_column_text]<\/p>\n<h1><span style=\"color: #ffffff;\">Effetti speciali in sintesi<\/span><\/h1>\n<p>[\/vc_column_text][\/vc_column][\/vc_row][vc_row equal_height=&#8221;yes&#8221; content_placement=&#8221;bottom&#8221;][vc_column width=&#8221;2\/3&#8243;][vc_column_text font_size=&#8221;20&#8243; line_height=&#8221;26&#8243;]<span style=\"color: #803026;\">Come azienda high-tech, grazie alla ricerca costante, sviluppiamo continuamente prodotti innovativi che ci hanno permesso pi\u00f9 volte il passaggio da pionieri a leader di mercato per prodotti speciali. Questa filosofia di qualit\u00e0 orientata al futuro poggia su diversi pilastri:<\/span>[\/vc_column_text][vc_column_text css=&#8221;.vc_custom_1509271258641{margin-bottom: 0px !important;padding-bottom: 0px !important;}&#8221;]<\/p>\n<h3>Legno di 1a qualit\u00e0 grazie a una zona di crescita di prim\u2019ordine<\/h3>\n<p>[\/vc_column_text][vc_column_text]La regione intorno alla nostra sede di Reichenfels, nella valle carinziana di Lavanttal, \u00e8 una straordinaria zona di crescita. Gi\u00e0 per questa ragione ci siamo affermati come fornitori leader nel campo della qualit\u00e0 a vista. Inoltre con il pino austriaco forniamo una qualit\u00e0 di legno a fibra fine e anelli di crescita particolarmente belli. Questi, insieme al particolare impegno con cui realizziamo i desideri personalizzati dei nostri clienti, alla gestione di liste di produzione e ai diversi tipi e combinazioni di legno (ad es. abete rosso\/larice, tavole), costituiscono i nostri grandi punti di forza.[\/vc_column_text][vc_column_text css=&#8221;.vc_custom_1652168169412{margin-bottom: 0px !important;padding-bottom: 0px !important;}&#8221;]<\/p>\n<h3>Certificazione PEFC<\/h3>\n<p>[\/vc_column_text][vc_column_text]<img loading=\"lazy\" decoding=\"async\" class=\"alignright wp-image-35348\" src=\"https:\/\/www.weinberger-holz.at\/wp-content\/uploads\/pefc-label-pefc06-34-158-logo-BLACK-WEB.png\" alt=\"PEFC-Weinberger\" width=\"80\" height=\"100\" \/>I nostri segati sono certificati PEFC fino al 100% per promuovere e garantire una gestione sostenibile dell\u2019economia forestale.[\/vc_column_text][vc_column_text css=&#8221;.vc_custom_1510324427935{margin-bottom: 0px !important;padding-bottom: 0px !important;}&#8221;]<\/p>\n<h3>Giunzioni orizzontali e giunzioni a pettine con battuta<\/h3>\n<p>[\/vc_column_text][vc_column_text]La giunzione orizzontale Weinberger \u00e8 molto importante sia dal punto di vista ottico che tecnico. Inoltre, nel segmento delle travi per Blockhaus offriamo ai nostri clienti un ulteriore plus: la nostra giunzione a pettine con battuta.<br \/>\nIl vantaggio: la giuntura longitudinale \u00e8 visibile soltanto se si guarda con attenzione, ma resta comunque molto discreta.[\/vc_column_text][vc_column_text css=&#8221;.vc_custom_1764320692145{margin-bottom: 0px !important;padding-bottom: 0px !important;}&#8221;]<\/p>\n<h3>Certificato EPD per tutti i prodotti<\/h3>\n<p>[\/vc_column_text][vc_column_text css=&#8221;&#8221;]<img loading=\"lazy\" decoding=\"async\" class=\"alignright wp-image-46477\" src=\"https:\/\/www.weinberger-holz.at\/wp-content\/uploads\/\/EPD-356x200WEB-200x112.png\" alt=\"\" width=\"100\" height=\"56\" srcset=\"https:\/\/www.weinberger-holz.at\/wp-content\/uploads\/EPD-356x200WEB-200x112.png 200w, https:\/\/www.weinberger-holz.at\/wp-content\/uploads\/EPD-356x200WEB-300x169.png 300w, https:\/\/www.weinberger-holz.at\/wp-content\/uploads\/EPD-356x200WEB.png 356w\" sizes=\"auto, (max-width: 100px) 100vw, 100px\" \/>Con la certificazione EPD (Environmental Product Declaration\/dichiarazione ambientale dei prodotti) per tutti i prodotti, Weinberger compie diversi gesti significativi. Da un lato, contribuiamo cos\u00ec ulteriormente a un futuro sostenibile. Dall\u2019altro, offriamo ai nostri clienti anche argomententazioni valide per la comunicazione ambientale con i propri clienti. Infatti, la dichiarazione EPD, come base per la valutazione dei prodotti lungo l\u2019intero ciclo di vita dei prodotti da costruzione e degli edifici, avviene sulla base di norme internazionali e di una valutazione oggettiva da parte di terzi. In altre parole: vera tutela dell\u2019ambiente invece di greenwashing.[\/vc_column_text][vc_column_text css=&#8221;.vc_custom_1575641118144{margin-bottom: 0px !important;padding-bottom: 0px !important;}&#8221;]<\/p>\n<h3>Incollaggio del larice conforme a CE con primer<\/h3>\n<p>[\/vc_column_text][vc_column_text css=&#8221;&#8221;]<img loading=\"lazy\" decoding=\"async\" class=\"alignright wp-image-19555\" src=\"https:\/\/www.weinberger-holz.at\/wp-content\/uploads\/\/CE-IT-200x200.png\" alt=\"\" width=\"100\" height=\"100\" srcset=\"https:\/\/www.weinberger-holz.at\/wp-content\/uploads\/CE-IT.png 200w, https:\/\/www.weinberger-holz.at\/wp-content\/uploads\/CE-IT-768x768.png 768w, https:\/\/www.weinberger-holz.at\/wp-content\/uploads\/CE-IT-570x570.png 570w, https:\/\/www.weinberger-holz.at\/wp-content\/uploads\/CE-IT-60x60.png 60w\" sizes=\"auto, (max-width: 100px) 100vw, 100px\" \/>Per un significativo aumento della qualit\u00e0 dell\u2019incollaggio del larice utilizziamo, come uno dei pochi stabilimenti che lavorano il legno, un primer e riduciamo cos\u00ec le delaminazioni dovute a una intensa esposizione all\u2019azione di agenti atmosferici.[\/vc_column_text][vc_column_text css=&#8221;.vc_custom_1509271600272{margin-bottom: 0px !important;padding-bottom: 0px !important;}&#8221;]<\/p>\n<h3>Piallatura di precisione con attrezzi speciali<\/h3>\n<p>[\/vc_column_text][vc_column_text]Finora sono sempre stati utilizzati attrezzi standard come ad es. lame per profilatrici con dorso dentato. Queste lame cambiano per\u00f2 la loro forma dopo ogni affilatura. Di conseguenza variano sia l\u2019angolo, sia la precisione e la sede del giunto a tenone e mortasa. La nostra nuova generazione di attrezzi si basa su un sistema rivoluzionario che impedisce questa imprecisione. I nostri clienti possono dunque contare \u2013 indipendentemente dal carico e dalla data di produzione \u2013 sulla precisione assoluta e sulla combinazione variabile delle nostre travi per Blockhaus. [\/vc_column_text][vc_column_text css=&#8221;.vc_custom_1509271620354{margin-bottom: 0px !important;padding-bottom: 0px !important;}&#8221;]<\/p>\n<h3>Variet\u00e0 di superfici senza limiti<\/h3>\n<p>[\/vc_column_text][vc_column_text]I desideri dei nostri clienti non sono solo un ordine, ma anche un dovere. Perci\u00f2 offriamo una variet\u00e0 quasi infinita di superfici: larice, legno trattato termicamente, trattato con vapore, piallato, spazzolato o triturato. Ad esempio possiamo dare un aspetto rustico o antichizzato a una superficie, sottoponendo le travi bilama\/trilama al uno speciale processo a vapore. La trituratura e la spazzolatura danno un aspetto particolare, molto apprezzato dai consumatori in particolare nelle travi per Blockhaus.[\/vc_column_text][vc_column_text css=&#8221;.vc_custom_1509271651144{margin-bottom: 0px !important;padding-bottom: 0px !important;}&#8221;]<\/p>\n<h3>Incollaggio senza formaldeide<\/h3>\n<p>[\/vc_column_text][vc_column_text]<img loading=\"lazy\" decoding=\"async\" class=\"alignright wp-image-19543\" src=\"https:\/\/www.weinberger-holz.at\/wp-content\/uploads\/\/Label-Formaldehydfrei-IT-200-200x200.png\" alt=\"Lavorazione senza formaldeide\" width=\"100\" height=\"100\" srcset=\"https:\/\/www.weinberger-holz.at\/wp-content\/uploads\/Label-Formaldehydfrei-IT-200.png 200w, https:\/\/www.weinberger-holz.at\/wp-content\/uploads\/Label-Formaldehydfrei-IT-200-768x768.png 768w, https:\/\/www.weinberger-holz.at\/wp-content\/uploads\/Label-Formaldehydfrei-IT-200-570x570.png 570w, https:\/\/www.weinberger-holz.at\/wp-content\/uploads\/Label-Formaldehydfrei-IT-200-60x60.png 60w\" sizes=\"auto, (max-width: 100px) 100vw, 100px\" \/>Il legno \u00e8 un prodotto naturale. E tale deve anche rimanere. <strong>Perci\u00f2 utilizziamo esclusivamente collanti privi di formaldeide.<\/strong> Ci\u00f2 significa che, in quanto a emissioni, lasciamo il legno cos\u00ec com\u2019\u00e8 stato creato in natura. Ecco perch\u00e9 soddisfiamo tutti i controlli e otteniamo le certificazioni.[\/vc_column_text][\/vc_column][vc_column width=&#8221;1\/3&#8243;][vc_empty_space height=&#8221;25&#8243;][\/vc_column][\/vc_row]<\/p>\n<\/div>","protected":false},"excerpt":{"rendered":"<p>[vc_row type=&#8221;full-width-content&#8221; css=&#8221;.vc_custom_1504010577304{margin-bottom: 0px !important;}&#8221;][vc_column][vc_empty_space height=&#8221;5&#8243;][layerslider_vc id=&#8221;2&#8243;][\/vc_column][\/vc_row][vc_row type=&#8221;full-width-section&#8221; css=&#8221;.vc_custom_1504010545873{margin-top: 0px !important;padding-top: 15px !important;padding-bottom: 15px !important;background-color: #803026 !important;}&#8221;][vc_column][vc_column_text] Effetti speciali in sintesi [\/vc_column_text][\/vc_column][\/vc_row][vc_row equal_height=&#8221;yes&#8221; content_placement=&#8221;bottom&#8221;][vc_column width=&#8221;2\/3&#8243;][vc_column_text font_size=&#8221;20&#8243; line_height=&#8221;26&#8243;]Come azienda high-tech, grazie alla ricerca costante, sviluppiamo continuamente prodotti innovativi che ci hanno permesso pi\u00f9 volte il passaggio da pionieri a leader di mercato per prodotti speciali. Questa<\/p>\n","protected":false},"author":1,"featured_media":0,"parent":0,"menu_order":0,"comment_status":"closed","ping_status":"closed","template":"","meta":{"_acf_changed":false,"_relevanssi_hide_post":"","_relevanssi_hide_content":"","_relevanssi_pin_for_all":"","_relevanssi_pin_keywords":"","_relevanssi_unpin_keywords":"","_relevanssi_related_keywords":"","_relevanssi_related_include_ids":"","_relevanssi_related_exclude_ids":"","_relevanssi_related_no_append":"","_relevanssi_related_not_related":"","_relevanssi_related_posts":"","_relevanssi_noindex_reason":"","footnotes":""},"class_list":["post-20376","page","type-page","status-publish","hentry"],"acf":[],"_links":{"self":[{"href":"https:\/\/www.weinberger-holz.at\/it\/wp-json\/wp\/v2\/pages\/20376","targetHints":{"allow":["GET"]}}],"collection":[{"href":"https:\/\/www.weinberger-holz.at\/it\/wp-json\/wp\/v2\/pages"}],"about":[{"href":"https:\/\/www.weinberger-holz.at\/it\/wp-json\/wp\/v2\/types\/page"}],"author":[{"embeddable":true,"href":"https:\/\/www.weinberger-holz.at\/it\/wp-json\/wp\/v2\/users\/1"}],"replies":[{"embeddable":true,"href":"https:\/\/www.weinberger-holz.at\/it\/wp-json\/wp\/v2\/comments?post=20376"}],"version-history":[{"count":13,"href":"https:\/\/www.weinberger-holz.at\/it\/wp-json\/wp\/v2\/pages\/20376\/revisions"}],"predecessor-version":[{"id":47500,"href":"https:\/\/www.weinberger-holz.at\/it\/wp-json\/wp\/v2\/pages\/20376\/revisions\/47500"}],"wp:attachment":[{"href":"https:\/\/www.weinberger-holz.at\/it\/wp-json\/wp\/v2\/media?parent=20376"}],"curies":[{"name":"wp","href":"https:\/\/api.w.org\/{rel}","templated":true}]}}