{"id":20384,"date":"2017-09-13T11:45:41","date_gmt":"2017-09-13T09:45:41","guid":{"rendered":"https:\/\/www2.weinberger-holz.at\/vertikale-und-horizontale-zinkung\/"},"modified":"2019-12-06T13:50:51","modified_gmt":"2019-12-06T12:50:51","slug":"vertikale-und-horizontale-zinkung","status":"publish","type":"page","link":"https:\/\/www.weinberger-holz.at\/it\/vertikale-und-horizontale-zinkung\/","title":{"rendered":"Giunzione a pettine orizzontale con battuta"},"content":{"rendered":"<div class=\"wpb-content-wrapper\"><p>[vc_row type=&#8221;full-width-content&#8221; css=&#8221;.vc_custom_1504010577304{margin-bottom: 0px !important;}&#8221;][vc_column][vc_empty_space height=&#8221;5&#8243;][layerslider_vc id=&#8221;2&#8243;][\/vc_column][\/vc_row][vc_row type=&#8221;full-width-section&#8221; css=&#8221;.vc_custom_1504010545873{margin-top: 0px !important;padding-top: 15px !important;padding-bottom: 15px !important;background-color: #803026 !important;}&#8221;][vc_column][vc_column_text]<\/p>\n<h1><span style=\"color: #ffffff;\">Giunzione a pettine orizzontale con battuta<\/span><\/h1>\n<p>[\/vc_column_text][\/vc_column][\/vc_row][vc_row equal_height=&#8221;yes&#8221; content_placement=&#8221;bottom&#8221;][vc_column width=&#8221;2\/3&#8243;][vc_column_text css=&#8221;.vc_custom_1509272083755{margin-bottom: 0px !important;padding-bottom: 0px !important;}&#8221;]<\/p>\n<h3>Il principio<\/h3>\n<p>[\/vc_column_text][vc_column_text]La giunzione a pettine \u00e8 uno speciale tipo di giunzione longitudinale del legno, nella quale si sfrutta il principio dell\u2019effetto a cuneo. La base di questo procedimento \u00e8 un profilo normato con numerosi piccoli denti, che viene pressato insieme a un relativo controprofilo esercitando su di essi una forza elevata. Gi\u00e0 questa giunzione ad accoppiamento di forza non pu\u00f2 pi\u00f9 essere separata manualmente. Con l\u2019aiuto della colla si riesce poi ad ottenere una giunzione capace di sopportare carichi in modo durevole e calcolabile in termini di statica. L\u2019unica differenza tra giunzione a pettine orizzontale e verticale consiste nella direzione della fresatura ruotata di 90 gradi.[\/vc_column_text][\/vc_column][vc_column width=&#8221;1\/3&#8243;][vc_empty_space height=&#8221;25&#8243;][\/vc_column][\/vc_row][vc_row equal_height=&#8221;yes&#8221; content_placement=&#8221;bottom&#8221;][vc_column width=&#8221;2\/3&#8243;][vc_column_text css=&#8221;.vc_custom_1509272110406{margin-bottom: 0px !important;padding-bottom: 0px !important;}&#8221;]<\/p>\n<h3>La giunzione a pettine verticale<\/h3>\n<p>[\/vc_column_text][vc_column_text css=&#8221;.vc_custom_1509272118956{margin-bottom: 0px !important;padding-bottom: 0px !important;}&#8221;]La giunzione a pettine verticale \u00e8 il tipo di giunzione a pettine pi\u00f9 diffuso. Rispetto alla variante orizzontale, il suo vantaggio consiste nella produzione pi\u00f9 veloce, perch\u00e9 il processo di fresatura si svolge sul lato pi\u00f9 corto dell\u2019asse. La conseguenza sono prezzi di vendita pi\u00f9 convenienti. Per questa giunzione a pettine economica e razionale, il profilo della giunzione a pettine rimane visibile nel punto della giunzione.[\/vc_column_text][vc_column_text css=&#8221;.vc_custom_1505300557049{margin-top: 0px !important;padding-top: 0px !important;}&#8221;]<img loading=\"lazy\" decoding=\"async\" class=\"alignright wp-image-16100 size-thumbnail2\" src=\"https:\/\/www.weinberger-holz.at\/wp-content\/uploads\/\/Zinkung-vertikal-Fichte-600x400-300x220.jpg\" alt=\"Vertikale Zinkung\" width=\"300\" height=\"220\" srcset=\"https:\/\/www.weinberger-holz.at\/wp-content\/uploads\/Zinkung-vertikal-Fichte-600x400-300x220.jpg 300w, https:\/\/www.weinberger-holz.at\/wp-content\/uploads\/Zinkung-vertikal-Fichte-600x400-200x147.jpg 200w, https:\/\/www.weinberger-holz.at\/wp-content\/uploads\/Zinkung-vertikal-Fichte-600x400-409x300.jpg 409w, https:\/\/www.weinberger-holz.at\/wp-content\/uploads\/Zinkung-vertikal-Fichte-600x400.jpg 600w\" sizes=\"auto, (max-width: 300px) 100vw, 300px\" \/>[\/vc_column_text][\/vc_column][vc_column width=&#8221;1\/3&#8243;][vc_column_text font_size=&#8221;20&#8243; line_height=&#8221;23&#8243; css=&#8221;.vc_custom_1509272181856{border-left-width: 2px !important;padding-left: 10px !important;border-left-color: #803026 !important;border-left-style: solid !important;}&#8221;]<\/p>\n<h3>Giunzione a pettine verticale<\/h3>\n<ul>\n<li><span style=\"color: #803026;\">Conveniente in quanto razionale nella produzione<\/span><\/li>\n<\/ul>\n<p>[\/vc_column_text][vc_empty_space height=&#8221;15&#8243;][\/vc_column][\/vc_row][vc_row equal_height=&#8221;yes&#8221; content_placement=&#8221;bottom&#8221;][vc_column width=&#8221;2\/3&#8243;][vc_column_text css=&#8221;.vc_custom_1509272136856{margin-bottom: 0px !important;padding-bottom: 0px !important;}&#8221;]<\/p>\n<h3>La giunzione a pettine orizzontale alla Weinberger<\/h3>\n<p>[\/vc_column_text][vc_column_text css=&#8221;.vc_custom_1509272145484{margin-bottom: 0px !important;padding-bottom: 0px !important;}&#8221;]La giunzione a pettine orizzontale \u00e8 invece una speciale forma di produzione nella quale viene fresata la dimensione pi\u00f9 lunga. Weinberger valorizza questo profilo con una giunzione a pettine con battuta che non influisce sulla resistenza delle assi. Il risultato: una giunzione diritta sotto forma di una linea sobria, riconoscibile solo ad un\u2019attenta osservazione. Anche per questo motivo Weinberger \u00e8 un partner fortemente apprezzato nella moderna e sofisticata edilizia Blockhaus. [\/vc_column_text][vc_column_text css=&#8221;.vc_custom_1505300564968{margin-top: 0px !important;padding-top: 0px !important;}&#8221;]<img loading=\"lazy\" decoding=\"async\" class=\"alignright wp-image-16104 size-thumbnail2\" src=\"https:\/\/www.weinberger-holz.at\/wp-content\/uploads\/\/Zinkung-horizontall-Fichte-600x400-300x220.jpg\" alt=\"Horizontale Zinkung\" width=\"300\" height=\"220\" srcset=\"https:\/\/www.weinberger-holz.at\/wp-content\/uploads\/Zinkung-horizontall-Fichte-600x400-300x220.jpg 300w, https:\/\/www.weinberger-holz.at\/wp-content\/uploads\/Zinkung-horizontall-Fichte-600x400-200x147.jpg 200w, https:\/\/www.weinberger-holz.at\/wp-content\/uploads\/Zinkung-horizontall-Fichte-600x400-409x300.jpg 409w, https:\/\/www.weinberger-holz.at\/wp-content\/uploads\/Zinkung-horizontall-Fichte-600x400.jpg 600w\" sizes=\"auto, (max-width: 300px) 100vw, 300px\" \/>[\/vc_column_text][\/vc_column][vc_column width=&#8221;1\/3&#8243;][vc_column_text font_size=&#8221;20&#8243; line_height=&#8221;23&#8243; css=&#8221;.vc_custom_1575636646532{border-left-width: 2px !important;padding-left: 10px !important;border-left-color: #803026 !important;border-left-style: solid !important;}&#8221;]<\/p>\n<h3>Giunzione a pettine orizzontale con battuta<\/h3>\n<ul>\n<li><span style=\"color: #803026;\">La giunzione a pettine con battuta assicura giunti quasi invisibili<br \/>\n<\/span><\/li>\n<li><span style=\"color: #803026;\">Nessuna incidenza sulla resistenza<\/span><\/li>\n<li><span style=\"color: #803026;\">Ideale per costruzioni Blockhaus di elevato pregio<\/span><\/li>\n<\/ul>\n<p>[\/vc_column_text][vc_empty_space height=&#8221;15&#8243;][\/vc_column][\/vc_row]<\/p>\n<\/div>","protected":false},"excerpt":{"rendered":"<p>[vc_row type=&#8221;full-width-content&#8221; css=&#8221;.vc_custom_1504010577304{margin-bottom: 0px !important;}&#8221;][vc_column][vc_empty_space height=&#8221;5&#8243;][layerslider_vc id=&#8221;2&#8243;][\/vc_column][\/vc_row][vc_row type=&#8221;full-width-section&#8221; css=&#8221;.vc_custom_1504010545873{margin-top: 0px !important;padding-top: 15px !important;padding-bottom: 15px !important;background-color: #803026 !important;}&#8221;][vc_column][vc_column_text] Giunzione a pettine orizzontale con battuta [\/vc_column_text][\/vc_column][\/vc_row][vc_row equal_height=&#8221;yes&#8221; content_placement=&#8221;bottom&#8221;][vc_column width=&#8221;2\/3&#8243;][vc_column_text css=&#8221;.vc_custom_1509272083755{margin-bottom: 0px !important;padding-bottom: 0px !important;}&#8221;] Il principio [\/vc_column_text][vc_column_text]La giunzione a pettine \u00e8 uno speciale tipo di giunzione longitudinale del legno, nella quale si sfrutta il principio dell\u2019effetto a<\/p>\n","protected":false},"author":1,"featured_media":0,"parent":0,"menu_order":0,"comment_status":"closed","ping_status":"closed","template":"","meta":{"_acf_changed":false,"_relevanssi_hide_post":"","_relevanssi_hide_content":"","_relevanssi_pin_for_all":"","_relevanssi_pin_keywords":"","_relevanssi_unpin_keywords":"","_relevanssi_related_keywords":"","_relevanssi_related_include_ids":"","_relevanssi_related_exclude_ids":"","_relevanssi_related_no_append":"","_relevanssi_related_not_related":"","_relevanssi_related_posts":"","_relevanssi_noindex_reason":"","footnotes":""},"class_list":["post-20384","page","type-page","status-publish","hentry"],"acf":[],"_links":{"self":[{"href":"https:\/\/www.weinberger-holz.at\/it\/wp-json\/wp\/v2\/pages\/20384","targetHints":{"allow":["GET"]}}],"collection":[{"href":"https:\/\/www.weinberger-holz.at\/it\/wp-json\/wp\/v2\/pages"}],"about":[{"href":"https:\/\/www.weinberger-holz.at\/it\/wp-json\/wp\/v2\/types\/page"}],"author":[{"embeddable":true,"href":"https:\/\/www.weinberger-holz.at\/it\/wp-json\/wp\/v2\/users\/1"}],"replies":[{"embeddable":true,"href":"https:\/\/www.weinberger-holz.at\/it\/wp-json\/wp\/v2\/comments?post=20384"}],"version-history":[{"count":3,"href":"https:\/\/www.weinberger-holz.at\/it\/wp-json\/wp\/v2\/pages\/20384\/revisions"}],"predecessor-version":[{"id":33126,"href":"https:\/\/www.weinberger-holz.at\/it\/wp-json\/wp\/v2\/pages\/20384\/revisions\/33126"}],"wp:attachment":[{"href":"https:\/\/www.weinberger-holz.at\/it\/wp-json\/wp\/v2\/media?parent=20384"}],"curies":[{"name":"wp","href":"https:\/\/api.w.org\/{rel}","templated":true}]}}