{"id":28157,"date":"2019-04-15T11:03:13","date_gmt":"2019-04-15T09:03:13","guid":{"rendered":"https:\/\/www.weinberger-holz.at\/?page_id=28157"},"modified":"2019-04-15T11:27:22","modified_gmt":"2019-04-15T09:27:22","slug":"incollaggio-senza-formaldeide-al-100-per-cento","status":"publish","type":"page","link":"https:\/\/www.weinberger-holz.at\/it\/incollaggio-senza-formaldeide-al-100-per-cento\/","title":{"rendered":"Incollaggio senza formaldeide al 100%!"},"content":{"rendered":"<div class=\"wpb-content-wrapper\"><p>[vc_row type=&#8221;full-width-content&#8221; css=&#8221;.vc_custom_1504010577304{margin-bottom: 0px !important;}&#8221;][vc_column][vc_empty_space height=&#8221;5&#8243;][layerslider_vc id=&#8221;2&#8243;][\/vc_column][\/vc_row][vc_row type=&#8221;full-width-section&#8221; css=&#8221;.vc_custom_1504010545873{margin-top: 0px !important;padding-top: 15px !important;padding-bottom: 15px !important;background-color: #803026 !important;}&#8221;][vc_column][vc_column_text]<\/p>\n<h1><span style=\"color: #ffffff;\">Incollaggio senza formaldeide al 100%!<\/span><\/h1>\n<p>[\/vc_column_text][\/vc_column][\/vc_row][vc_row equal_height=&#8221;yes&#8221; content_placement=&#8221;bottom&#8221;][vc_column width=&#8221;2\/3&#8243;][vc_column_text font_size=&#8221;20&#8243; line_height=&#8221;26&#8243;]<span style=\"color: #803026;\">L\u2019edilizia sana \u00e8 in piena espansione, motivo per cui l\u2019incollaggio del legno senza formaldeide sta assumendo sempre pi\u00f9 importanza. A causa dei comprovati effetti negativi della formaldeide sulla salute umana, gi\u00e0 da molti anni produciamo i nostri prodotti al 100% senza formaldeide. Perch\u00e9 i fatti parlano chiaro gi\u00e0 da molto tempo:<\/span>[\/vc_column_text][vc_column_text]<\/p>\n<ul>\n<li>L\u2019OMS classifica la formaldeide come cancerogena!<\/li>\n<li>La formaldeide contenuta in adesivi ad es. in colle ottenute da resine MUF (melamina-urea-formaldeide) o PRF (fenolo-resorcina-formaldeide) se inalata per via respiratoria \u00e8 cancerogena.<\/li>\n<li>L\u2019esposizione prolungata ad adesivi contenenti formaldeide pu\u00f2 avere ripercussioni sulla memoria, la concentrazione e il sonno.<\/li>\n<li>La formaldeide presente nell\u2019aria ambiente pu\u00f2 causare irritazione agli occhi, alle vie respiratorie e alla gola.<\/li>\n<\/ul>\n<p>[\/vc_column_text][vc_column_text]Con gli adesivi PU (poliuretanici) riusciamo a preservare il legno nella sua naturalezza e a lavorarlo con risultati di prima qualit\u00e0. Per i prodotti in larice utilizziamo anche il primer brevettato da Henkel.[\/vc_column_text][vc_column_text css=&#8221;.vc_custom_1555318788358{margin-bottom: 0px !important;padding-bottom: 0px !important;}&#8221;]<\/p>\n<h3>Ottimale resistenza del giunto incollato con il primer di Henkel<\/h3>\n<p>[\/vc_column_text][vc_column_text]L\u2019aspetto pi\u00f9 importante per l\u2019incollaggio di elementi portanti in legno \u00e8 la resistenza del giunto incollato. Il legno di larice da questo punto di vista rappresenta una sfida molto particolare. Per questo motivo, prima di applicare l\u2019adesivo, utilizziamo un primer sviluppato appositamente per il legno di larice. In pratica, dopo avere piallato le lamelle, applichiamo LOCTITE PR 7010 Purbond per legno di larice sulla superficie della parte assemblata. Il primer acquoso, privo di solventi e formaldeide garantisce una qualit\u00e0 di incollaggio omogenea e di prim\u2019ordine. [\/vc_column_text][\/vc_column][vc_column width=&#8221;1\/3&#8243;][vc_empty_space height=&#8221;25&#8243;][vc_column_text font_size=&#8221;20&#8243; line_height=&#8221;26&#8243; css=&#8221;.vc_custom_1555318903121{border-left-width: 2px !important;padding-left: 10px !important;border-left-color: #803026 !important;border-left-style: solid !important;}&#8221;]<\/p>\n<p style=\"text-align: center;\"><img loading=\"lazy\" decoding=\"async\" class=\"aligncenter wp-image-19543 size-thumbnail\" src=\"https:\/\/www.weinberger-holz.at\/wp-content\/uploads\/\/Label-Formaldehydfrei-IT-200-200x200.png\" alt=\"senza formaldeide \" width=\"200\" height=\"200\" srcset=\"https:\/\/www.weinberger-holz.at\/wp-content\/uploads\/Label-Formaldehydfrei-IT-200.png 200w, https:\/\/www.weinberger-holz.at\/wp-content\/uploads\/Label-Formaldehydfrei-IT-200-768x768.png 768w, https:\/\/www.weinberger-holz.at\/wp-content\/uploads\/Label-Formaldehydfrei-IT-200-570x570.png 570w, https:\/\/www.weinberger-holz.at\/wp-content\/uploads\/Label-Formaldehydfrei-IT-200-60x60.png 60w\" sizes=\"auto, (max-width: 200px) 100vw, 200px\" \/><br \/>\n<span style=\"color: #803026;\">L\u2019incollaggio dei prodotti sviluppati e prodotti da Weinberger avviene <strong>senza formaldeide al 100%<\/strong>. <\/span><\/p>\n<p>[\/vc_column_text][\/vc_column][\/vc_row]<\/p>\n<\/div>","protected":false},"excerpt":{"rendered":"<p>[vc_row type=&#8221;full-width-content&#8221; css=&#8221;.vc_custom_1504010577304{margin-bottom: 0px !important;}&#8221;][vc_column][vc_empty_space height=&#8221;5&#8243;][layerslider_vc id=&#8221;2&#8243;][\/vc_column][\/vc_row][vc_row type=&#8221;full-width-section&#8221; css=&#8221;.vc_custom_1504010545873{margin-top: 0px !important;padding-top: 15px !important;padding-bottom: 15px !important;background-color: #803026 !important;}&#8221;][vc_column][vc_column_text] Incollaggio senza formaldeide al 100%! [\/vc_column_text][\/vc_column][\/vc_row][vc_row equal_height=&#8221;yes&#8221; content_placement=&#8221;bottom&#8221;][vc_column width=&#8221;2\/3&#8243;][vc_column_text font_size=&#8221;20&#8243; line_height=&#8221;26&#8243;]L\u2019edilizia sana \u00e8 in piena espansione, motivo per cui l\u2019incollaggio del legno senza formaldeide sta assumendo sempre pi\u00f9 importanza. A causa dei comprovati effetti negativi della formaldeide sulla<\/p>\n","protected":false},"author":1,"featured_media":0,"parent":0,"menu_order":0,"comment_status":"closed","ping_status":"closed","template":"","meta":{"_acf_changed":false,"_relevanssi_hide_post":"","_relevanssi_hide_content":"","_relevanssi_pin_for_all":"","_relevanssi_pin_keywords":"","_relevanssi_unpin_keywords":"","_relevanssi_related_keywords":"","_relevanssi_related_include_ids":"","_relevanssi_related_exclude_ids":"","_relevanssi_related_no_append":"","_relevanssi_related_not_related":"","_relevanssi_related_posts":"","_relevanssi_noindex_reason":"","footnotes":""},"class_list":["post-28157","page","type-page","status-publish","hentry"],"acf":[],"_links":{"self":[{"href":"https:\/\/www.weinberger-holz.at\/it\/wp-json\/wp\/v2\/pages\/28157","targetHints":{"allow":["GET"]}}],"collection":[{"href":"https:\/\/www.weinberger-holz.at\/it\/wp-json\/wp\/v2\/pages"}],"about":[{"href":"https:\/\/www.weinberger-holz.at\/it\/wp-json\/wp\/v2\/types\/page"}],"author":[{"embeddable":true,"href":"https:\/\/www.weinberger-holz.at\/it\/wp-json\/wp\/v2\/users\/1"}],"replies":[{"embeddable":true,"href":"https:\/\/www.weinberger-holz.at\/it\/wp-json\/wp\/v2\/comments?post=28157"}],"version-history":[{"count":4,"href":"https:\/\/www.weinberger-holz.at\/it\/wp-json\/wp\/v2\/pages\/28157\/revisions"}],"predecessor-version":[{"id":28175,"href":"https:\/\/www.weinberger-holz.at\/it\/wp-json\/wp\/v2\/pages\/28157\/revisions\/28175"}],"wp:attachment":[{"href":"https:\/\/www.weinberger-holz.at\/it\/wp-json\/wp\/v2\/media?parent=28157"}],"curies":[{"name":"wp","href":"https:\/\/api.w.org\/{rel}","templated":true}]}}